{"id":756,"date":"2022-11-04T09:19:24","date_gmt":"2022-11-04T09:19:24","guid":{"rendered":"https:\/\/laperlededomme.com\/?page_id=756"},"modified":"2024-07-16T07:45:11","modified_gmt":"2024-07-16T07:45:11","slug":"legal","status":"publish","type":"page","link":"https:\/\/laperlededomme.com\/fr\/legal\/","title":{"rendered":"Privacy Policy -La Perle de Domme"},"content":{"rendered":"\n\t<section class=\"section\" id=\"section_2005929445\">\n\t\t<div class=\"section-bg fill\" >\n\t\t\t\t\t\t\t\t\t\n\t\t\t\n\n\t\t<\/div>\n\n\t\t\n\n\t\t<div class=\"section-content relative\">\n\t\t\t\n<div class=\"container section-title-container\" ><h2 class=\"section-title section-title-center\"><b><\/b><span class=\"section-title-main\" >L\u00e9gal<\/span><b><\/b><\/h2><\/div>\n<div class=\"row\"  id=\"row-1291396685\">\n\n\t<div id=\"col-1824935814\" class=\"col small-12 large-12\"  >\n\t\t\t\t<div class=\"col-inner\"  >\n\t\t\t\n\t\t\t\n\n\t\t<div class=\"tabbed-content\">\n\t\t\t\n\t\t\t<ul class=\"nav nav-line nav-uppercase nav-size-xlarge nav-center\" role=\"tablist\"><li id=\"tab-termes-et-conditions\" class=\"tab active has-icon\" role=\"presentation\"><a href=\"#tab_termes-et-conditions\" role=\"tab\" aria-selected=\"true\" aria-controls=\"tab_termes-et-conditions\"><span>Termes et conditions<\/span><\/a><\/li><\/ul><div class=\"tab-panels\"><div id=\"tab_termes-et-conditions\" class=\"panel active entry-content\" role=\"tabpanel\" aria-labelledby=\"tab-termes-et-conditions\">\n<div class=\"accordion\">\n\t<div id=\"accordion-1099523227\" class=\"accordion-item\">\n\t\t<a id=\"accordion-1099523227-label\" class=\"accordion-title plain\" href=\"#accordion-item-r\u00e9servations\" aria-expanded=\"false\" aria-controls=\"accordion-1099523227-content\" >\n\t\t\t<button class=\"toggle\" aria-label=\"Basculer\"><i class=\"icon-angle-down\"><\/i><\/button>\n\t\t\t<span>R\u00e9servations<\/span>\n\t\t<\/a>\n\t\t<div id=\"accordion-1099523227-content\" class=\"accordion-inner\" aria-labelledby=\"accordion-1099523227-label\" >\n\t\t\t\n<p><span style=\"font-weight: 400;\">Les r\u00e9servations peuvent \u00eatre effectu\u00e9es en ligne via notre site Web, nos partenaires ou en \u00e9crivant \u00e0 reservation@laperlededomme.com. En effectuant <\/span><span style=\"font-weight: 400;\">une r\u00e9servation, vous confirmez que vous avez lu et accept\u00e9 ces Termes et Conditions.<\/span><\/p>\n<p><span style=\"font-weight: 400;\">Vous ne pouvez faire des r\u00e9servations que pour vous et vos invit\u00e9s. Vous ne pouvez pas effectuer de r\u00e9servations dans le but de revendre, <\/span><span style=\"font-weight: 400;\">publier, faire de la publicit\u00e9 ou commercialiser des informations de r\u00e9servation via des sites Web tiers, ou toute r\u00e9servation fausse, frauduleuse ou\u00a0<\/span><span style=\"font-weight: 400;\">sp\u00e9culative. Si vous souhaitez r\u00e9server au nom de quelqu&rsquo;un d&rsquo;autre, vous devez effectuer la r\u00e9servation directement aupr\u00e8s de notre r\u00e9ception. Le\u00a0<\/span><span style=\"font-weight: 400;\">changement de nom d&rsquo;invit\u00e9 de toute r\u00e9servation n&rsquo;est pas autoris\u00e9, sauf circonstances particuli\u00e8res jug\u00e9es acceptables par la direction. Une pi\u00e8ce\u00a0<\/span><span style=\"font-weight: 400;\">d&rsquo;identit\u00e9 valide est requise pour toute personne s&rsquo;enregistrant, comme un passeport ou une carte d&rsquo;identit\u00e9 en cours de validit\u00e9. Nous nous\u00a0<\/span><span style=\"font-weight: 400;\">r\u00e9servons le droit de refuser tout invit\u00e9 si le nom sur la pi\u00e8ce d&rsquo;identit\u00e9 est diff\u00e9rent de celui indiqu\u00e9 sur la r\u00e9servation. Nous nous r\u00e9servons\u00a0<\/span><span style=\"font-weight: 400;\">\u00e9galement le droit d&rsquo;annuler ou de modifier toute r\u00e9servation sans pr\u00e9avis si nous pensons qu&rsquo;elle a \u00e9t\u00e9 faite en violation des conditions ci-dessus.<\/span><\/p>\n\t\t<\/div>\n\t<\/div>\n\t\n\t<div id=\"accordion-393141702\" class=\"accordion-item\">\n\t\t<a id=\"accordion-393141702-label\" class=\"accordion-title plain\" href=\"#accordion-item-paiement\" aria-expanded=\"false\" aria-controls=\"accordion-393141702-content\" >\n\t\t\t<button class=\"toggle\" aria-label=\"Basculer\"><i class=\"icon-angle-down\"><\/i><\/button>\n\t\t\t<span>Paiement<\/span>\n\t\t<\/a>\n\t\t<div id=\"accordion-393141702-content\" class=\"accordion-inner\" aria-labelledby=\"accordion-393141702-label\" >\n\t\t\t\n<p><span style=\"font-weight: 400;\"> Une carte de cr\u00e9dit valide est n\u00e9cessaire pour effectuer votre r\u00e9servation et le paiement int\u00e9gral est d\u00fb au moment de l&rsquo;enregistrement. Nous acceptons la plupart des cartes de cr\u00e9dit et de d\u00e9bit, mais nous n&rsquo;acceptons pas Diners Club ou American Express.<\/span><span style=\"font-weight: 400;\"><br \/><\/span><\/p>\n<p><span style=\"font-weight: 400;\"> Les tarifs non remboursables seront factur\u00e9s en totalit\u00e9 au moment de la r\u00e9servation.<\/span><span style=\"font-weight: 400;\"><br \/><\/span><\/p>\n<p><span style=\"font-weight: 400;\"> La Perle De Domme garantit de fournir le tarif de chambre le plus bas disponible au moment de la r\u00e9servation sur <\/span><a href=\"https:\/\/laperlededomme.com\/\"><span style=\"font-weight: 400;\">https:\/\/laperlededomme.com\/<\/span><\/a><\/p>\n<p><span style=\"font-weight: 400;\"> Taxe de s\u00e9jour de 3,30 \u20ac par personne et par nuit et n&rsquo;est pas incluse dans le prix.<\/span><span style=\"font-weight: 400;\"><br \/><\/span><\/p>\n<p><span style=\"font-weight: 400;\"> La TVA est incluse dans le prix.<\/span><\/p>\n\t\t<\/div>\n\t<\/div>\n\t\n\t<div id=\"accordion-1192468715\" class=\"accordion-item\">\n\t\t<a id=\"accordion-1192468715-label\" class=\"accordion-title plain\" href=\"#accordion-item-heures-d&#039;enregistrement-\/-depart\" aria-expanded=\"false\" aria-controls=\"accordion-1192468715-content\" >\n\t\t\t<button class=\"toggle\" aria-label=\"Basculer\"><i class=\"icon-angle-down\"><\/i><\/button>\n\t\t\t<span>Heures D'enregistrement \/ Depart<\/span>\n\t\t<\/a>\n\t\t<div id=\"accordion-1192468715-content\" class=\"accordion-inner\" aria-labelledby=\"accordion-1192468715-label\" >\n\t\t\t\n<p><span style=\"font-weight: 400;\"> Check-in \u00e0 partir de 15h00 et Check-out avant 11h00<\/span><\/p>\n<p><span style=\"font-weight: 400;\"> Nous pouvons, dans des circonstances exceptionnelles, \u00eatre en mesure d&rsquo;accueillir un d\u00e9part tardif, mais cela sera d\u00e9finitivement sous r\u00e9serve de disponibilit\u00e9 et d&rsquo;une demande soumise lors du processus de d\u00e9part. Des frais de d\u00e9part tardif de 50% du tarif journalier s&rsquo;appliqueront \u00e0 tout appartement non lib\u00e9r\u00e9 \u00e0 11h00 le jour du d\u00e9part sans accord pr\u00e9alable.<\/span><\/p>\n<p><span style=\"font-weight: 400;\"> Les clients sont invit\u00e9s et encourag\u00e9s \u00e0 s&rsquo;enregistrer, soit num\u00e9riquement, soit en visitant le kiosque libre-service dans notre zone de r\u00e9ception. Veuillez nous informer \u00e0 l&rsquo;avance si vous pr\u00e9voyez d&rsquo;arriver en dehors de ces horaires et si vous avez besoin d&rsquo;aide.<\/span><\/p>\n<p><span style=\"font-weight: 400;\"> Si vous souhaitez arriver avant 15h00 ou partir apr\u00e8s 11h00, vous \u00eates invit\u00e9s \u00e0 laisser vos bagages dans notre zone de stockage et \u00e0 profiter de nos installations de bar \u00e0 vin \/ spa \/ piscine pendant que vous attendez.<\/span><\/p>\n\t\t<\/div>\n\t<\/div>\n\t\n\t<div id=\"accordion-2990212030\" class=\"accordion-item\">\n\t\t<a id=\"accordion-2990212030-label\" class=\"accordion-title plain\" href=\"#accordion-item-modifications-\/-annulations\" aria-expanded=\"false\" aria-controls=\"accordion-2990212030-content\" >\n\t\t\t<button class=\"toggle\" aria-label=\"Basculer\"><i class=\"icon-angle-down\"><\/i><\/button>\n\t\t\t<span>Modifications \/ Annulations<\/span>\n\t\t<\/a>\n\t\t<div id=\"accordion-2990212030-content\" class=\"accordion-inner\" aria-labelledby=\"accordion-2990212030-label\" >\n\t\t\t\n<p><span style=\"font-weight: 400;\"> Si vous devez apporter des modifications \u00e0 votre r\u00e9servation, veuillez contacter votre agent de r\u00e9servation si vous avez utilis\u00e9 l&rsquo;une de nos plateformes partenaires. Si vous avez effectu\u00e9 votre r\u00e9servation directement avec nous, veuillez nous contacter \u00e0 reservation@laperlededomme.com. Il est possible d&rsquo;apporter des modifications \u00e0 votre r\u00e9servation jusqu&rsquo;\u00e0 15 jours avant la date d&rsquo;arriv\u00e9e convenue (11h59 heure locale), apr\u00e8s quoi aucune modification ne pourra \u00eatre apport\u00e9e. Tout changement de dates est soumis aux disponibilit\u00e9s et aux diff\u00e9rences de tarifs.<\/span><\/p>\n<p><span style=\"font-weight: 400;\"> Les annulations ne peuvent \u00eatre effectu\u00e9es que par l&rsquo;interm\u00e9diaire de votre agent de r\u00e9servation, si vous avez utilis\u00e9 l&rsquo;une de nos plateformes partenaires, ou par e-mail avec nous \u00e0 reservation@laperlededomme.com si vous avez r\u00e9serv\u00e9 votre appartement directement avec nous.<\/span><\/p>\n<p><span style=\"font-weight: 400;\"> Veuillez v\u00e9rifier les conditions du tarif que vous avez s\u00e9lectionn\u00e9. Les annulations de r\u00e9servation flexibles peuvent \u00eatre effectu\u00e9es jusqu&rsquo;\u00e0 15 jours avant l&rsquo;arriv\u00e9e (11h59 heure locale), apr\u00e8s quoi le s\u00e9jour total sera factur\u00e9. Pour les tarifs non remboursables, le montant total est factur\u00e9 au moment de la r\u00e9servation et n&rsquo;est pas remboursable.<\/span><\/p>\n<p><span style=\"font-weight: 400;\"> Les remboursements, le cas \u00e9ch\u00e9ant, seront effectu\u00e9s en utilisant le m\u00eame mode de paiement que celui utilis\u00e9 au moment de la r\u00e9servation.\u00a0<\/span><\/p>\n<p><span style=\"font-weight: 400;\"> Veuillez noter que pour les r\u00e9servations de groupe, des conditions et des tarifs diff\u00e9rents peuvent s&rsquo;appliquer. S&rsquo;il vous plait, contactez nous pour plus d&rsquo;informations.<\/span><\/p>\n<p><span style=\"font-weight: 400;\"> En cas de non-pr\u00e9sentation. Le montant total de la r\u00e9servation sera d\u00e9bit\u00e9.<\/span><\/p>\n\t\t<\/div>\n\t<\/div>\n\t\n\t<div id=\"accordion-1134013952\" class=\"accordion-item\">\n\t\t<a id=\"accordion-1134013952-label\" class=\"accordion-title plain\" href=\"#accordion-item-discrimination-et-comportements-inapropri\u00e9s\" aria-expanded=\"false\" aria-controls=\"accordion-1134013952-content\" >\n\t\t\t<button class=\"toggle\" aria-label=\"Basculer\"><i class=\"icon-angle-down\"><\/i><\/button>\n\t\t\t<span>Discrimination et comportements inapropri\u00e9s<\/span>\n\t\t<\/a>\n\t\t<div id=\"accordion-1134013952-content\" class=\"accordion-inner\" aria-labelledby=\"accordion-1134013952-label\" >\n\t\t\t\n<p><span style=\"font-weight: 400;\">La discrimination et le harc\u00e8lement d&rsquo;autrui sont strictement interdits \u00e0 La Perle de Domme. Nous avons une politique de tol\u00e9rance z\u00e9ro pour toute remarque ou comportement (y compris express\u00e9ment un comportement violent ou mena\u00e7ant) qui ne respecte pas la dignit\u00e9 et les sentiments de toute autre personne dans ou sur nos locaux. Cette politique s&rsquo;\u00e9tend \u00e9galement aux membres de notre personnel. Toute transgression de cette disposition entra\u00eenera l&rsquo;annulation sans pr\u00e9avis du s\u00e9jour des h\u00f4tes, l&rsquo;\u00e9loignement du contrevenant de nos locaux et des poursuites p\u00e9nales le cas \u00e9ch\u00e9ant.<\/span><\/p>\n\t\t<\/div>\n\t<\/div>\n\t\n\t<div id=\"accordion-1420864186\" class=\"accordion-item\">\n\t\t<a id=\"accordion-1420864186-label\" class=\"accordion-title plain\" href=\"#accordion-item-r\u00e8gles-du-site\" aria-expanded=\"false\" aria-controls=\"accordion-1420864186-content\" >\n\t\t\t<button class=\"toggle\" aria-label=\"Basculer\"><i class=\"icon-angle-down\"><\/i><\/button>\n\t\t\t<span>R\u00e8gles Du Site<\/span>\n\t\t<\/a>\n\t\t<div id=\"accordion-1420864186-content\" class=\"accordion-inner\" aria-labelledby=\"accordion-1420864186-label\" >\n\t\t\t\n<ul>\n<li><b>Les lingettes pour b\u00e9b\u00e9, lingettes nettoyantes <\/b><span style=\"font-weight: 400;\">doivent \u00eatre jet\u00e9es \u00e0 la poubelle et non dans les toilettes.<\/span><\/li>\n<li><span style=\"font-weight: 400;\">Bien qu&rsquo;il soit permis de fumer \u00e0 l&rsquo;ext\u00e9rieur, sur les terrasses en plein air et dans les jardins, <\/span><b>fumer sera \u00e0 tout moment soumis \u00e0 la sant\u00e9 et \u00e0 la jouissance de nos installations par nos clients non-fumeurs<\/b><span style=\"font-weight: 400;\">, \u00e0 la seule discr\u00e9tion de notre -repr\u00e9sentant du site \u00e0 tout moment. Il est strictement interdit de jeter les m\u00e9gots de cigarettes ailleurs que dans les poubelles et cendriers mis \u00e0 disposition.<\/span><\/li>\n<li><b>Il est interdit de fumer \u00e0 l&rsquo;int\u00e9rieur des appartements, du spa ou de tout autre espace clos<\/b><span style=\"font-weight: 400;\"> ou structure de la propri\u00e9t\u00e9. Cela s\u2019applique \u00e0 la consommation de tout produit du tabac et inclut sp\u00e9cifiquement l\u2019utilisation d\u2019appareils de vapotage ou de cigarettes \u00e9lectroniques. <\/span><b>Des frais de nettoyage et de fumigation de 200 \u20ac seront factur\u00e9s<\/b><span style=\"font-weight: 400;\"> sur la carte de cr\u00e9dit de tout client choisissant de ne pas se conformer \u00e0 cette directive.<\/span><\/li>\n<li><b>Les clients doivent se comporter de mani\u00e8re raisonnable, respectueuse et responsable<\/b><span style=\"font-weight: 400;\"> lorsqu&rsquo;ils s\u00e9journent \u00e0 La Perle de Domme et \u00eatre conscients de l&rsquo;impact potentiel de leurs actions sur l&rsquo;exp\u00e9rience des autres clients. \u00c0 cette fin:<\/span><\/li>\n<li><b>Aucune musique forte n&rsquo;est autoris\u00e9e<\/b><span style=\"font-weight: 400;\">. Veuillez utiliser votre discr\u00e9tion \u00e0 cet \u00e9gard.<\/span><\/li>\n<li><span style=\"font-weight: 400;\">La discr\u00e9tion est \u00e9galement de mise concernant la terrasse priv\u00e9e ou les appartements qui ne sont pas ceux qui vous sont attribu\u00e9s.<\/span><\/li>\n<li><span style=\"font-weight: 400;\">Nous sommes situ\u00e9s au sein d&rsquo;un environnement forestier prot\u00e9g\u00e9. <\/span><b>Les barbecues et feux ouverts sont donc strictement interdits partout sur le site<\/b><span style=\"font-weight: 400;\">, sauf l\u00e0 o\u00f9 (et de la mani\u00e8re) clairement indiqu\u00e9 par nos soins.<\/span><\/li>\n<li><span style=\"font-weight: 400;\">Vous n\u2019\u00eates pas autoris\u00e9 \u00e0 consommer votre propre nourriture ou boisson sur la terrasse de notre bar \u00e0 vins.<\/span><\/li>\n<li><b>Aucun r\u00e9cipient en verre <\/b><span style=\"font-weight: 400;\">(qu&rsquo;il s&rsquo;agisse de bouteilles, de verres ou de r\u00e9cipients) <\/span><b>n&rsquo;est autoris\u00e9 dans ou autour de la piscine ou du spa.<\/b><\/li>\n<li><b>Les animaux ne sont pas admis dans la propri\u00e9t\u00e9.<\/b><\/li>\n<li><span style=\"font-weight: 400;\">Un parking ext\u00e9rieur priv\u00e9 est disponible sur place dans une aire de stationnement d\u00e9sign\u00e9e. Pour des raisons de s\u00e9curit\u00e9, nous n&rsquo;autorisons aucune circulation sur place, sauf \u00e0 des fins d&rsquo;entr\u00e9e, de sortie, d&rsquo;acc\u00e8s au parking ou pour d\u00e9poser ou r\u00e9cup\u00e9rer des bagages ou des invit\u00e9s dans les espaces d\u00e9sign\u00e9s.<\/span><\/li>\n<li><b>Les personnes \u00e0 mobilit\u00e9 r\u00e9duite b\u00e9n\u00e9ficieront de l&rsquo;utilisation de places de stationnement<\/b><span style=\"font-weight: 400;\"> sp\u00e9cialement d\u00e9limit\u00e9es, directement adjacentes aux appartements limit\u00e9s, sp\u00e9cialement con\u00e7us pour leurs besoins.<\/span><\/li>\n<li><b>Un local d\u00e9di\u00e9 aux d\u00e9chets, au recyclage et aux lunettes est disponible sur place<\/b><span style=\"font-weight: 400;\">. Vous \u00eates les bienvenus si tous vos d\u00e9chets sont correctement \u00e9limin\u00e9s avant votre d\u00e9part.<\/span><\/li>\n<li><b>Nous n&rsquo;autorisons aucun jeu de ballon dans les jardins ou sur le terrain.<\/b><\/li>\n<li><span style=\"font-weight: 400;\">Par souci d&rsquo;hygi\u00e8ne, il est conseill\u00e9 de prendre une douche avant d&rsquo;utiliser les piscines.<\/span><\/li>\n<li><b>Les invit\u00e9s de moins de 12 ans doivent \u00eatre surveill\u00e9s \u00e0 tout moment par un adulte responsable.<\/b><\/li>\n<li><b>Le nombre maximum de personnes pouvant \u00eatre h\u00e9berg\u00e9es dans chaque appartement est d\u00e9termin\u00e9 par le nombre de lits dans chaque unit\u00e9.<\/b><span style=\"font-weight: 400;\"> Aucun lit suppl\u00e9mentaire n&rsquo;est disponible et nous n&rsquo;autorisons pas non plus \u00e0 dormir sur des canap\u00e9s. Par souci de clart\u00e9, <\/span><b>nous autorisons un maximum de 2 personnes dans un studio<\/b><span style=\"font-weight: 400;\"> ou un appartement 1 chambre, 4 personnes dans un appartement 2 chambres, etc.<\/span><\/li>\n<li><b>Toute personne qui ne respecte pas ces r\u00e8gles<\/b><span style=\"font-weight: 400;\">, ou qui, \u00e0 la seule discr\u00e9tion de notre concierge sur place, met en p\u00e9ril le confort, la s\u00fbret\u00e9 ou la s\u00e9curit\u00e9 des autres clients, <\/span><i><span style=\"font-weight: 400;\">*pourra \u00eatre pri\u00e9e de quitter les lieux.<\/span><\/i><span style=\"font-weight: 400;\"> *<\/span><\/li>\n<\/ul>\n\t\t<\/div>\n\t<\/div>\n\t\n\t<div id=\"accordion-3936987376\" class=\"accordion-item\">\n\t\t<a id=\"accordion-3936987376-label\" class=\"accordion-title plain\" href=\"#accordion-item-protection-des-renseignements-personnels\" aria-expanded=\"false\" aria-controls=\"accordion-3936987376-content\" >\n\t\t\t<button class=\"toggle\" aria-label=\"Basculer\"><i class=\"icon-angle-down\"><\/i><\/button>\n\t\t\t<span>Protection Des Renseignements Personnels<\/span>\n\t\t<\/a>\n\t\t<div id=\"accordion-3936987376-content\" class=\"accordion-inner\" aria-labelledby=\"accordion-3936987376-label\" >\n\t\t\t\n<p><span style=\"font-weight: 400;\">Veuillez acc\u00e9der \u00e0 notre politique de confidentialit\u00e9 ici : <\/span><a href=\"https:\/\/laperlededomme.com\/legal\/\"><span style=\"font-weight: 400;\">https:\/\/laperlededomme.com\/legal\/<\/span><\/a><span style=\"font-weight: 400;\">\u00a0<\/span><\/p>\n\t\t<\/div>\n\t<\/div>\n\t\n<\/div>\n<\/div><\/div><\/div>\n\t\t<\/div>\n\t\t\t\t\t<\/div>\n\n\t\n<\/div>\n\t\t<\/div>\n\n\t\t\n<style>\n#section_2005929445 {\n  padding-top: 30px;\n  padding-bottom: 30px;\n}\n<\/style>\n\t<\/section>\n\t\n","protected":false},"excerpt":{"rendered":"","protected":false},"author":7,"featured_media":0,"parent":0,"menu_order":0,"comment_status":"closed","ping_status":"open","template":"","meta":{"footnotes":""},"class_list":["post-756","page","type-page","status-publish","hentry"],"_links":{"self":[{"href":"https:\/\/laperlededomme.com\/fr\/wp-json\/wp\/v2\/pages\/756","targetHints":{"allow":["GET"]}}],"collection":[{"href":"https:\/\/laperlededomme.com\/fr\/wp-json\/wp\/v2\/pages"}],"about":[{"href":"https:\/\/laperlededomme.com\/fr\/wp-json\/wp\/v2\/types\/page"}],"author":[{"embeddable":true,"href":"https:\/\/laperlededomme.com\/fr\/wp-json\/wp\/v2\/users\/7"}],"replies":[{"embeddable":true,"href":"https:\/\/laperlededomme.com\/fr\/wp-json\/wp\/v2\/comments?post=756"}],"version-history":[{"count":0,"href":"https:\/\/laperlededomme.com\/fr\/wp-json\/wp\/v2\/pages\/756\/revisions"}],"wp:attachment":[{"href":"https:\/\/laperlededomme.com\/fr\/wp-json\/wp\/v2\/media?parent=756"}],"curies":[{"name":"wp","href":"https:\/\/api.w.org\/{rel}","templated":true}]}}