{"id":4080,"date":"2026-03-31T11:04:40","date_gmt":"2026-03-31T11:04:40","guid":{"rendered":"https:\/\/laperlededomme.com\/welcome-packages\/"},"modified":"2026-04-08T10:08:35","modified_gmt":"2026-04-08T10:08:35","slug":"welcome-packages","status":"publish","type":"page","link":"https:\/\/laperlededomme.com\/fr\/welcome-packages\/","title":{"rendered":"Packs de bienvenue"},"content":{"rendered":"\n\t<section class=\"section\" id=\"section_1996099659\">\n\t\t<div class=\"section-bg fill\" >\n\t\t\t<img decoding=\"async\" width=\"1500\" height=\"1000\" src=\"https:\/\/laperlededomme.com\/wp-content\/uploads\/2023\/05\/pool-La-Perle-de-Domme-Aparthotel-Dordogne.webp\" class=\"bg attachment-original size-original\" alt=\"\" \/>\t\t\t\t\t\t<div class=\"section-bg-overlay absolute fill\"><\/div>\n\t\t\t\n\n\t\t<\/div>\n\n\t\t\n\n\t\t<div class=\"section-content relative\">\n\t\t\t\n<div class=\"row align-middle align-center\"  id=\"row-1903180365\">\n\n\t<div id=\"col-1588960649\" class=\"col medium-6 small-12 large-6\"  >\n\t\t\t\t<div class=\"col-inner text-center text-shadow-1\"  >\n\t\t\t\n\t\t\t\n\t<div id=\"text-1105535496\" class=\"text\">\n\t\t\n<h1>Packs de bienvenue<\/h1>\n\t\t\n<style>\n#text-1105535496 {\n  font-size: 1.05rem;\n  text-align: center;\n  color: rgb(255,255,255);\n}\n#text-1105535496 > * {\n  color: rgb(255,255,255);\n}\n@media (min-width:550px) {\n  #text-1105535496 {\n    font-size: 1.65rem;\n  }\n}\n<\/style>\n\t<\/div>\n\t\n\t<div id=\"text-741471628\" class=\"text\">\n\t\t\n<p>Apr\u00e8s un voyage, quoi de mieux que d\u2019arriver dans votre appartement et d\u2019y trouver quelques petites attentions qui vous attendent.<\/p>\n\t\t\n<style>\n#text-741471628 {\n  font-size: 2rem;\n  text-align: center;\n  color: rgb(255,255,255);\n}\n#text-741471628 > * {\n  color: rgb(255,255,255);\n}\n<\/style>\n\t<\/div>\n\t\n<a data-animate=\"fadeInRight\" href=\"https:\/\/wa.link\/4ztbqv\" target=\"_blank\" class=\"button white\" rel=\"noopener nofollow\" style=\"border-radius:50px;\">\n\t\t<span>Demander un pack<\/span>\n\t<i class=\"icon-whatsapp\" aria-hidden=\"true\" ><\/i><\/a>\n\n\t\t<\/div>\n\t\t\t\t\t<\/div>\n\n\t\n<\/div>\n\t\t<\/div>\n\n\t\t\n<style>\n#section_1996099659 {\n  padding-top: 0px;\n  padding-bottom: 0px;\n  min-height: 400px;\n}\n#section_1996099659 .section-bg-overlay {\n  background-color: rgba(0, 0, 0, 0.506);\n}\n#section_1996099659 .section-bg img {\n  object-position: 65% 95%;\n}\n<\/style>\n\t<\/section>\n\t\n\n\t<section class=\"section\" id=\"section_805446213\">\n\t\t<div class=\"section-bg fill\" >\n\t\t\t\t\t\t\t\t\t\n\t\t\t\n\n\t\t<\/div>\n\n\t\t\n\n\t\t<div class=\"section-content relative\">\n\t\t\t\n<div class=\"row\" style=\"max-width:\" id=\"row-853947331\">\n\n\t<div id=\"col-1904383549\" class=\"col small-12 large-12\"  >\n\t\t\t\t<div class=\"col-inner text-center\"  >\n\t\t\t\n\t\t\t\n<div class=\"row row-small row-full-width align-equal align-center\"  id=\"row-252974840\">\n\n\t<div id=\"col-1132901493\" class=\"col medium-3 small-12 large-3\"  >\n\t\t\t\t<div class=\"col-inner\" style=\"background-color:rgb(255, 255, 255);\" >\n\t\t\t\n\t\t\t\n\t<div class=\"box has-hover   has-hover box-shadow-2 box-shadow-4-hover box-bounce box-text-bottom\" >\n\n\t\t<div class=\"box-image\" >\n\t\t\t<a href=\"https:\/\/www.centrotel.es\/newCRSUI3\/Booking\/ItemsSelection.aspx?CRSName=TERMESMONTBRIO&#038;idEstablishmentSRT=1&#038;idPT=150,155&#038;head=1&#038;oneDay=1&#038;idlanguage=es-es\" target=\"_blank\" rel=\"noopener nofollow\">\t\t\t<div class=\"image-overlay-add image-cover\" style=\"padding-top:250px;\">\n\t\t\t\t<img decoding=\"async\" width=\"2560\" height=\"1707\" src=\"https:\/\/laperlededomme.com\/wp-content\/uploads\/2026\/04\/DSC08958-scaled.jpg\" class=\"attachment- size-\" alt=\"\" srcset=\"https:\/\/laperlededomme.com\/wp-content\/uploads\/2026\/04\/DSC08958-scaled.jpg 2560w, https:\/\/laperlededomme.com\/wp-content\/uploads\/2026\/04\/DSC08958-300x200.jpg 300w, https:\/\/laperlededomme.com\/wp-content\/uploads\/2026\/04\/DSC08958-1024x683.jpg 1024w, https:\/\/laperlededomme.com\/wp-content\/uploads\/2026\/04\/DSC08958-768x512.jpg 768w, https:\/\/laperlededomme.com\/wp-content\/uploads\/2026\/04\/DSC08958-1536x1024.jpg 1536w, https:\/\/laperlededomme.com\/wp-content\/uploads\/2026\/04\/DSC08958-2048x1365.jpg 2048w\" sizes=\"(max-width: 2560px) 100vw, 2560px\" \/>\t\t\t\t<div class=\"overlay\" style=\"background-color:rgba(0, 0, 0, 0.2)\"><\/div>\t\t\t\t\t\t\t<\/div>\n\t\t\t<\/a>\t\t<\/div>\n\n\t\t<div class=\"box-text text-center is-large\" >\n\t\t\t<div class=\"box-text-inner\">\n\t\t\t\t\n\t<div id=\"text-3373872001\" class=\"text\">\n\t\t\n<h4 class=\"uppercase\">D\u00e9tail d\u2019amour<\/h4>\n<\/p>\n\t\t\n<style>\n#text-3373872001 {\n  font-size: 0.75rem;\n}\n<\/style>\n\t<\/div>\n\t\n<p>Une d\u00e9licate d\u00e9coration de p\u00e9tales de rose accompagn\u00e9e de chocolats en forme de c\u0153ur, con\u00e7ue pour cr\u00e9er une ambiance romantique et raffin\u00e9e dans votre chambre.<\/p>\n<\/p>\n<a data-animate=\"fadeInRight\" href=\"https:\/\/wa.link\/4ztbqv\" target=\"_blank\" class=\"button primary is-smaller\" rel=\"noopener nofollow\" style=\"border-radius:50px;\">\n\t\t<span>Faire une demande<\/span>\n\t<\/a>\n\n\t\t\t<\/div>\n\t\t<\/div>\n\t<\/div>\n\t\n\t\t<\/div>\n\t\t\t\t\t<\/div>\n\n\t\n\n\t<div id=\"col-1118298333\" class=\"col medium-3 small-12 large-3\"  >\n\t\t\t\t<div class=\"col-inner\" style=\"background-color:rgb(255, 255, 255);\" >\n\t\t\t\n\t\t\t\n\t<div class=\"box has-hover   has-hover box-shadow-2 box-shadow-4-hover box-bounce box-text-bottom\" >\n\n\t\t<div class=\"box-image\" >\n\t\t\t<a href=\"https:\/\/www.centrotel.es\/newCRSUI3\/Booking\/ItemsSelection.aspx?CRSName=TERMESMONTBRIO&#038;idEstablishmentSRT=1&#038;idPT=150,155&#038;head=1&#038;oneDay=1&#038;idlanguage=es-es\" target=\"_blank\" rel=\"noopener nofollow\">\t\t\t<div class=\"image-overlay-add image-cover\" style=\"padding-top:250px;\">\n\t\t\t\t<img decoding=\"async\" width=\"800\" height=\"533\" src=\"https:\/\/laperlededomme.com\/wp-content\/uploads\/2026\/04\/Gemini_Generated_Image_bjk3bqbjk3bqbjk3.webp\" class=\"attachment- size-\" alt=\"\" srcset=\"https:\/\/laperlededomme.com\/wp-content\/uploads\/2026\/04\/Gemini_Generated_Image_bjk3bqbjk3bqbjk3.webp 800w, https:\/\/laperlededomme.com\/wp-content\/uploads\/2026\/04\/Gemini_Generated_Image_bjk3bqbjk3bqbjk3-300x200.webp 300w, https:\/\/laperlededomme.com\/wp-content\/uploads\/2026\/04\/Gemini_Generated_Image_bjk3bqbjk3bqbjk3-768x512.webp 768w\" sizes=\"(max-width: 800px) 100vw, 800px\" \/>\t\t\t\t<div class=\"overlay\" style=\"background-color:rgba(0, 0, 0, 0.2)\"><\/div>\t\t\t\t\t\t\t<\/div>\n\t\t\t<\/a>\t\t<\/div>\n\n\t\t<div class=\"box-text text-center is-large\" >\n\t\t\t<div class=\"box-text-inner\">\n\t\t\t\t\n\t<div id=\"text-1570326573\" class=\"text\">\n\t\t\n<h4 class=\"uppercase\">D\u00e9coration lune de miel<\/h4>\n\t\t\n<style>\n#text-1570326573 {\n  font-size: 0.75rem;\n}\n<\/style>\n\t<\/div>\n\t\n<p>Un moment inoubliable avec des p\u00e9tales de rose sur la table et le sol, des ballons \u00e0 l\u2019h\u00e9lium au-dessus du lit, un grand bouquet de fleurs vari\u00e9es et une s\u00e9lection de chocolats pour c\u00e9l\u00e9brer votre amour.<\/p>\n<a data-animate=\"fadeInRight\" href=\"https:\/\/wa.link\/4ztbqv\" target=\"_blank\" class=\"button primary is-smaller\" rel=\"noopener nofollow\" style=\"border-radius:50px;\">\n\t\t<span>Faire une demande<\/span>\n\t<\/a>\n\n\t\t\t<\/div>\n\t\t<\/div>\n\t<\/div>\n\t\n\t\t<\/div>\n\t\t\t\t\t<\/div>\n\n\t\n\n\t<div id=\"col-1253974060\" class=\"col medium-3 small-12 large-3\"  >\n\t\t\t\t<div class=\"col-inner\" style=\"background-color:rgb(255, 255, 255);\" >\n\t\t\t\n\t\t\t\n\t<div class=\"box has-hover   has-hover box-shadow-2 box-shadow-4-hover box-bounce box-text-bottom\" >\n\n\t\t<div class=\"box-image\" >\n\t\t\t<a href=\"https:\/\/www.centrotel.es\/newCRSUI3\/Booking\/ItemsSelection.aspx?CRSName=TERMESMONTBRIO&#038;idEstablishmentSRT=1&#038;idPT=150,155&#038;head=1&#038;oneDay=1&#038;idlanguage=es-es\" target=\"_blank\" rel=\"noopener nofollow\">\t\t\t<div class=\"image-overlay-add image-cover\" style=\"padding-top:250px;\">\n\t\t\t\t<img decoding=\"async\" width=\"983\" height=\"533\" src=\"https:\/\/laperlededomme.com\/wp-content\/uploads\/2026\/04\/Gemini_Generated_Image_vwrr93vwrr93vwrr.webp\" class=\"attachment- size-\" alt=\"\" srcset=\"https:\/\/laperlededomme.com\/wp-content\/uploads\/2026\/04\/Gemini_Generated_Image_vwrr93vwrr93vwrr.webp 983w, https:\/\/laperlededomme.com\/wp-content\/uploads\/2026\/04\/Gemini_Generated_Image_vwrr93vwrr93vwrr-300x163.webp 300w, https:\/\/laperlededomme.com\/wp-content\/uploads\/2026\/04\/Gemini_Generated_Image_vwrr93vwrr93vwrr-768x416.webp 768w\" sizes=\"(max-width: 983px) 100vw, 983px\" \/>\t\t\t\t<div class=\"overlay\" style=\"background-color:rgba(0, 0, 0, 0.2)\"><\/div>\t\t\t\t\t\t\t<\/div>\n\t\t\t<\/a>\t\t<\/div>\n\n\t\t<div class=\"box-text text-center is-large\" >\n\t\t\t<div class=\"box-text-inner\">\n\t\t\t\t\n\t<div id=\"text-444481769\" class=\"text\">\n\t\t\n<h4 class=\"uppercase\">D\u00e9coration de Saint-Valentin<\/h4>\n<\/p>\n\t\t\n<style>\n#text-444481769 {\n  font-size: 0.75rem;\n}\n<\/style>\n\t<\/div>\n\t\n<p>Une ambiance romantique avec des p\u00e9tales de rose dispos\u00e9s sur la table et le sol, des ballons en forme de c\u0153ur au-dessus du lit, et un bouquet de roses rouges pour sublimer ce moment unique.<\/p>\n<a data-animate=\"fadeInRight\" href=\"https:\/\/wa.link\/4ztbqv\" target=\"_blank\" class=\"button primary is-smaller\" rel=\"noopener nofollow\" style=\"border-radius:50px;\">\n\t\t<span>Faire une demande<\/span>\n\t<\/a>\n\n\t\t\t<\/div>\n\t\t<\/div>\n\t<\/div>\n\t\n\t\t<\/div>\n\t\t\t\t\t<\/div>\n\n\t\n\n\t<div id=\"col-294733752\" class=\"col medium-3 small-12 large-3\"  >\n\t\t\t\t<div class=\"col-inner\" style=\"background-color:rgb(255, 255, 255);\" >\n\t\t\t\n\t\t\t\n\t<div class=\"box has-hover   has-hover box-shadow-2 box-shadow-4-hover box-bounce box-text-bottom\" >\n\n\t\t<div class=\"box-image\" >\n\t\t\t<a href=\"https:\/\/www.centrotel.es\/newCRSUI3\/Booking\/ItemsSelection.aspx?CRSName=TERMESMONTBRIO&#038;idEstablishmentSRT=1&#038;idPT=150,155&#038;head=1&#038;oneDay=1&#038;idlanguage=es-es\" target=\"_blank\" rel=\"noopener nofollow\">\t\t\t<div class=\"image-overlay-add image-cover\" style=\"padding-top:250px;\">\n\t\t\t\t<img decoding=\"async\" width=\"2560\" height=\"1707\" src=\"https:\/\/laperlededomme.com\/wp-content\/uploads\/2026\/04\/DSC08944-scaled.jpg\" class=\"attachment- size-\" alt=\"\" srcset=\"https:\/\/laperlededomme.com\/wp-content\/uploads\/2026\/04\/DSC08944-scaled.jpg 2560w, https:\/\/laperlededomme.com\/wp-content\/uploads\/2026\/04\/DSC08944-300x200.jpg 300w, https:\/\/laperlededomme.com\/wp-content\/uploads\/2026\/04\/DSC08944-1024x683.jpg 1024w, https:\/\/laperlededomme.com\/wp-content\/uploads\/2026\/04\/DSC08944-768x512.jpg 768w, https:\/\/laperlededomme.com\/wp-content\/uploads\/2026\/04\/DSC08944-1536x1024.jpg 1536w, https:\/\/laperlededomme.com\/wp-content\/uploads\/2026\/04\/DSC08944-2048x1365.jpg 2048w\" sizes=\"(max-width: 2560px) 100vw, 2560px\" \/>\t\t\t\t<div class=\"overlay\" style=\"background-color:rgba(0, 0, 0, 0.2)\"><\/div>\t\t\t\t\t\t\t<\/div>\n\t\t\t<\/a>\t\t<\/div>\n\n\t\t<div class=\"box-text text-center is-large\" >\n\t\t\t<div class=\"box-text-inner\">\n\t\t\t\t\n\t<div id=\"text-1711954760\" class=\"text\">\n\t\t\n<h4 class=\"uppercase\">Bouteille de champagne<\/h4>\n<\/p>\n\t\t\n<style>\n#text-1711954760 {\n  font-size: 0.75rem;\n}\n<\/style>\n\t<\/div>\n\t\n<p>Une bouteille de 75\u202fcl de champagne Deutz, soigneusement s\u00e9lectionn\u00e9e pour sublimer vos moments les plus pr\u00e9cieux et rendre chaque c\u00e9l\u00e9bration inoubliable.<\/p>\n<\/p>\n<a data-animate=\"fadeInRight\" href=\"https:\/\/wa.link\/4ztbqv\" target=\"_blank\" class=\"button primary is-smaller\" rel=\"noopener nofollow\" style=\"border-radius:50px;\">\n\t\t<span>Faire une demande<\/span>\n\t<\/a>\n\n\t\t\t<\/div>\n\t\t<\/div>\n\t<\/div>\n\t\n\t\t<\/div>\n\t\t\t\t\t<\/div>\n\n\t\n\n\t<div id=\"col-1066744361\" class=\"col medium-3 small-12 large-3\"  >\n\t\t\t\t<div class=\"col-inner\" style=\"background-color:rgb(255, 255, 255);\" >\n\t\t\t\n\t\t\t\n\t<div class=\"box has-hover   has-hover box-shadow-2 box-shadow-4-hover box-bounce box-text-bottom\" >\n\n\t\t<div class=\"box-image\" >\n\t\t\t<a href=\"https:\/\/www.centrotel.es\/newCRSUI3\/Booking\/ItemsSelection.aspx?CRSName=TERMESMONTBRIO&#038;idEstablishmentSRT=1&#038;idPT=150,155&#038;head=1&#038;oneDay=1&#038;idlanguage=es-es\" target=\"_blank\" rel=\"noopener nofollow\">\t\t\t<div class=\"image-overlay-add image-cover\" style=\"padding-top:250px;\">\n\t\t\t\t<img decoding=\"async\" width=\"2560\" height=\"1707\" src=\"https:\/\/laperlededomme.com\/wp-content\/uploads\/2026\/04\/DSC08925-scaled.jpg\" class=\"attachment- size-\" alt=\"\" srcset=\"https:\/\/laperlededomme.com\/wp-content\/uploads\/2026\/04\/DSC08925-scaled.jpg 2560w, https:\/\/laperlededomme.com\/wp-content\/uploads\/2026\/04\/DSC08925-300x200.jpg 300w, https:\/\/laperlededomme.com\/wp-content\/uploads\/2026\/04\/DSC08925-1024x683.jpg 1024w, https:\/\/laperlededomme.com\/wp-content\/uploads\/2026\/04\/DSC08925-768x512.jpg 768w, https:\/\/laperlededomme.com\/wp-content\/uploads\/2026\/04\/DSC08925-1536x1024.jpg 1536w, https:\/\/laperlededomme.com\/wp-content\/uploads\/2026\/04\/DSC08925-2048x1365.jpg 2048w\" sizes=\"(max-width: 2560px) 100vw, 2560px\" \/>\t\t\t\t<div class=\"overlay\" style=\"background-color:rgba(0, 0, 0, 0.2)\"><\/div>\t\t\t\t\t\t\t<\/div>\n\t\t\t<\/a>\t\t<\/div>\n\n\t\t<div class=\"box-text text-center is-large\" >\n\t\t\t<div class=\"box-text-inner\">\n\t\t\t\t\n\t<div id=\"text-3059180750\" class=\"text\">\n\t\t\n<h4 class=\"uppercase\">Bouquet sp\u00e9cial<\/h4>\n<\/p>\n\t\t\n<style>\n#text-3059180750 {\n  font-size: 0.75rem;\n}\n<\/style>\n\t<\/div>\n\t\n<p>Un \u00e9l\u00e9gant bouquet de fleurs locales et de saison, soigneusement compos\u00e9 et mesurant <b data-path-to-node=\"0\" data-index-in-node=\"79\">35 cm de diam\u00e8tre<\/b>, pour apporter couleur, fra\u00eecheur et raffinement \u00e0 votre s\u00e9jour.<\/p>\n<a data-animate=\"fadeInRight\" href=\"https:\/\/wa.link\/4ztbqv\" target=\"_blank\" class=\"button primary is-smaller\" rel=\"noopener nofollow\" style=\"border-radius:50px;\">\n\t\t<span>Faire une demande<\/span>\n\t<\/a>\n\n\t\t\t<\/div>\n\t\t<\/div>\n\t<\/div>\n\t\n\t\t<\/div>\n\t\t\t\t\t<\/div>\n\n\t\n\n\t<div id=\"col-1732161900\" class=\"col medium-3 small-12 large-3\"  >\n\t\t\t\t<div class=\"col-inner\" style=\"background-color:rgb(255, 255, 255);\" >\n\t\t\t\n\t\t\t\n\t<div class=\"box has-hover   has-hover box-shadow-2 box-shadow-4-hover box-bounce box-text-bottom\" >\n\n\t\t<div class=\"box-image\" >\n\t\t\t<a href=\"https:\/\/www.centrotel.es\/newCRSUI3\/Booking\/ItemsSelection.aspx?CRSName=TERMESMONTBRIO&#038;idEstablishmentSRT=1&#038;idPT=150,155&#038;head=1&#038;oneDay=1&#038;idlanguage=es-es\" target=\"_blank\" rel=\"noopener nofollow\">\t\t\t<div class=\"image-overlay-add image-cover\" style=\"padding-top:250px;\">\n\t\t\t\t<img decoding=\"async\" width=\"2560\" height=\"1707\" src=\"https:\/\/laperlededomme.com\/wp-content\/uploads\/2026\/04\/DSC08926-scaled.jpg\" class=\"attachment- size-\" alt=\"\" srcset=\"https:\/\/laperlededomme.com\/wp-content\/uploads\/2026\/04\/DSC08926-scaled.jpg 2560w, https:\/\/laperlededomme.com\/wp-content\/uploads\/2026\/04\/DSC08926-300x200.jpg 300w, https:\/\/laperlededomme.com\/wp-content\/uploads\/2026\/04\/DSC08926-1024x683.jpg 1024w, https:\/\/laperlededomme.com\/wp-content\/uploads\/2026\/04\/DSC08926-768x512.jpg 768w, https:\/\/laperlededomme.com\/wp-content\/uploads\/2026\/04\/DSC08926-1536x1024.jpg 1536w, https:\/\/laperlededomme.com\/wp-content\/uploads\/2026\/04\/DSC08926-2048x1365.jpg 2048w\" sizes=\"(max-width: 2560px) 100vw, 2560px\" \/>\t\t\t\t<div class=\"overlay\" style=\"background-color:rgba(0, 0, 0, 0.2)\"><\/div>\t\t\t\t\t\t\t<\/div>\n\t\t\t<\/a>\t\t<\/div>\n\n\t\t<div class=\"box-text text-center is-large\" >\n\t\t\t<div class=\"box-text-inner\">\n\t\t\t\t\n\t<div id=\"text-2571494332\" class=\"text\">\n\t\t\n<h4 class=\"uppercase\"> Bouquet de fleurs<\/h4>\n<\/p>\n\t\t\n<style>\n#text-2571494332 {\n  font-size: 0.75rem;\n}\n<\/style>\n\t<\/div>\n\t\n<p>Un \u00e9l\u00e9gant bouquet de fleurs locales et de saison, con\u00e7u pour apporter charme, fra\u00eecheur et raffinement \u00e0 votre chambre et cr\u00e9er une atmosph\u00e8re chaleureuse.<\/p>\n<\/p>\n<a data-animate=\"fadeInRight\" href=\"https:\/\/wa.link\/4ztbqv\" target=\"_blank\" class=\"button primary is-smaller\" rel=\"noopener nofollow\" style=\"border-radius:50px;\">\n\t\t<span>Faire une demande<\/span>\n\t<\/a>\n\n\t\t\t<\/div>\n\t\t<\/div>\n\t<\/div>\n\t\n\t\t<\/div>\n\t\t\t\t\t<\/div>\n\n\t\n\n\t<div id=\"col-947011807\" class=\"col medium-3 small-12 large-3\"  >\n\t\t\t\t<div class=\"col-inner\" style=\"background-color:rgb(255, 255, 255);\" >\n\t\t\t\n\t\t\t\n\t<div class=\"box has-hover   has-hover box-shadow-2 box-shadow-4-hover box-bounce box-text-bottom\" >\n\n\t\t<div class=\"box-image\" >\n\t\t\t<a href=\"https:\/\/www.centrotel.es\/newCRSUI3\/Booking\/ItemsSelection.aspx?CRSName=TERMESMONTBRIO&#038;idEstablishmentSRT=1&#038;idPT=150,155&#038;head=1&#038;oneDay=1&#038;idlanguage=es-es\" target=\"_blank\" rel=\"noopener nofollow\">\t\t\t<div class=\"image-overlay-add image-cover\" style=\"padding-top:250px;\">\n\t\t\t\t<img decoding=\"async\" width=\"800\" height=\"533\" src=\"https:\/\/laperlededomme.com\/wp-content\/uploads\/2026\/03\/welcome-packages-la-perle-de-domme-welcome.webp\" class=\"attachment- size-\" alt=\"\" srcset=\"https:\/\/laperlededomme.com\/wp-content\/uploads\/2026\/03\/welcome-packages-la-perle-de-domme-welcome.webp 800w, https:\/\/laperlededomme.com\/wp-content\/uploads\/2026\/03\/welcome-packages-la-perle-de-domme-welcome-300x200.webp 300w, https:\/\/laperlededomme.com\/wp-content\/uploads\/2026\/03\/welcome-packages-la-perle-de-domme-welcome-768x512.webp 768w\" sizes=\"(max-width: 800px) 100vw, 800px\" \/>\t\t\t\t<div class=\"overlay\" style=\"background-color:rgba(0, 0, 0, 0.2)\"><\/div>\t\t\t\t\t\t\t<\/div>\n\t\t\t<\/a>\t\t<\/div>\n\n\t\t<div class=\"box-text text-center is-large\" >\n\t\t\t<div class=\"box-text-inner\">\n\t\t\t\t\n\t<div id=\"text-176810913\" class=\"text\">\n\t\t\n<h4 class=\"uppercase\">Pack de bienvenue<\/h4>\n<\/p>\n\t\t\n<style>\n#text-176810913 {\n  font-size: 0.75rem;\n}\n<\/style>\n\t<\/div>\n\t\n<p>Un bouquet de fleurs locales et de saison accompagn\u00e9 d\u2019une bouteille de vin rouge ou blanc, selon votre pr\u00e9f\u00e9rence, choisi pour accueillir nos invit\u00e9s avec \u00e9l\u00e9gance et charme.<\/p>\n<a data-animate=\"fadeInRight\" href=\"https:\/\/wa.link\/4ztbqv\" target=\"_blank\" class=\"button primary is-smaller\" rel=\"noopener nofollow\" style=\"border-radius:50px;\">\n\t\t<span>Faire une demande<\/span>\n\t<\/a>\n\n\t\t\t<\/div>\n\t\t<\/div>\n\t<\/div>\n\t\n\t\t<\/div>\n\t\t\t\t\t<\/div>\n\n\t\n\n\t<div id=\"col-502392038\" class=\"col medium-3 small-12 large-3\"  >\n\t\t\t\t<div class=\"col-inner\" style=\"background-color:rgb(255, 255, 255);\" >\n\t\t\t\n\t\t\t\n\t<div class=\"box has-hover   has-hover box-shadow-2 box-shadow-4-hover box-bounce box-text-bottom\" >\n\n\t\t<div class=\"box-image\" >\n\t\t\t<a href=\"https:\/\/www.centrotel.es\/newCRSUI3\/Booking\/ItemsSelection.aspx?CRSName=TERMESMONTBRIO&#038;idEstablishmentSRT=1&#038;idPT=150,155&#038;head=1&#038;oneDay=1&#038;idlanguage=es-es\" target=\"_blank\" rel=\"noopener nofollow\">\t\t\t<div class=\"image-overlay-add image-cover\" style=\"padding-top:250px;\">\n\t\t\t\t<img decoding=\"async\" width=\"800\" height=\"533\" src=\"https:\/\/laperlededomme.com\/wp-content\/uploads\/2026\/04\/Gemini_Generated_Image_ee8nmuee8nmuee8n.webp\" class=\"attachment- size-\" alt=\"\" srcset=\"https:\/\/laperlededomme.com\/wp-content\/uploads\/2026\/04\/Gemini_Generated_Image_ee8nmuee8nmuee8n.webp 800w, https:\/\/laperlededomme.com\/wp-content\/uploads\/2026\/04\/Gemini_Generated_Image_ee8nmuee8nmuee8n-300x200.webp 300w, https:\/\/laperlededomme.com\/wp-content\/uploads\/2026\/04\/Gemini_Generated_Image_ee8nmuee8nmuee8n-768x512.webp 768w\" sizes=\"(max-width: 800px) 100vw, 800px\" \/>\t\t\t\t<div class=\"overlay\" style=\"background-color:rgba(0, 0, 0, 0.2)\"><\/div>\t\t\t\t\t\t\t<\/div>\n\t\t\t<\/a>\t\t<\/div>\n\n\t\t<div class=\"box-text text-center is-large\" >\n\t\t\t<div class=\"box-text-inner\">\n\t\t\t\t\n\t<div id=\"text-3483929592\" class=\"text\">\n\t\t\n<h4 class=\"uppercase\">Bouquet F\u00eate des M\u00e8res<\/h4>\n<\/p>\n\t\t\n<style>\n#text-3483929592 {\n  font-size: 0.75rem;\n}\n<\/style>\n\t<\/div>\n\t\n<p>Un somptueux bouquet de pivoines locales fra\u00eeches, sp\u00e9cialement con\u00e7u pour cette occasion unique, afin d\u2019offrir beaut\u00e9, \u00e9l\u00e9gance et d\u00e9licatesse \u00e0 ce moment exceptionnel.<\/p>\n<a data-animate=\"fadeInRight\" href=\"https:\/\/wa.link\/4ztbqv\" target=\"_blank\" class=\"button primary is-smaller\" rel=\"noopener nofollow\" style=\"border-radius:50px;\">\n\t\t<span>Faire une demande<\/span>\n\t<\/a>\n\n\t\t\t<\/div>\n\t\t<\/div>\n\t<\/div>\n\t\n\t\t<\/div>\n\t\t\t\t\t<\/div>\n\n\t\n<\/div>\n\t\t<\/div>\n\t\t\t\t\n<style>\n#col-1904383549 > .col-inner {\n  padding: 20px 0px 0px 0px;\n}\n<\/style>\n\t<\/div>\n\n\t\n<\/div>\n\t\t<\/div>\n\n\t\t\n<style>\n#section_805446213 {\n  padding-top: 0px;\n  padding-bottom: 0px;\n  background-color: rgb(249, 247, 244);\n}\n@media (min-width:550px) {\n  #section_805446213 {\n    padding-top: 30px;\n    padding-bottom: 30px;\n  }\n}\n<\/style>\n\t<\/section>\n\t\n\n\t<section class=\"section\" id=\"section_107254446\">\n\t\t<div class=\"section-bg fill\" >\n\t\t\t<img decoding=\"async\" width=\"1500\" height=\"1000\" src=\"https:\/\/laperlededomme.com\/wp-content\/uploads\/2023\/08\/exterior-La-Perle-de-Domme-Aparthotel-Dordogne.webp\" class=\"bg attachment-original size-original\" alt=\"\" \/>\t\t\t\t\t\t<div class=\"section-bg-overlay absolute fill\"><\/div>\n\t\t\t\n\n\t\t<\/div>\n\n\t\t\t<div class=\"ux-shape-divider ux-shape-divider--top ux-shape-divider--style-arrow\">\n\t\t<svg viewBox=\"0 0 1000 100\" xmlns=\"http:\/\/www.w3.org\/2000\/svg\" preserveAspectRatio=\"none\">\n\t<path class=\"ux-shape-fill\" d=\"M1000 100H0L0 96H483L500 79L517 96H1000V100Z\"\/>\n<\/svg>\n\t<\/div>\n\n\n\t\t<div class=\"section-content relative\">\n\t\t\t\n\n<div class=\"row align-middle align-center\"  id=\"row-433379717\">\n\n\n\t<div id=\"col-2031352522\" class=\"col medium-5 small-12 large-5\"  >\n\t\t\t\t<div class=\"col-inner\"  >\n\t\t\t\n\t\t\t\n\n\t<div id=\"text-3350585685\" class=\"text\">\n\t\t\n\n<h4><strong>AVANTAGES DE LA R\u00c9SERVATION EN DIRECT<\/strong><\/h4>\n\t\t\n<style>\n#text-3350585685 {\n  color: rgb(0,0,0);\n}\n#text-3350585685 > * {\n  color: rgb(0,0,0);\n}\n<\/style>\n\t<\/div>\n\t\n\t<div id=\"text-165494060\" class=\"text\">\n\t\t\n\n<p><i class=\"fa-regular fa-certificate\"><\/i> <strong>\u00b7 Meilleurs prix garantis<\/strong><\/p>\n<p><strong><i class=\"fa-regular fa-shuffle\"><\/i> \u00b7 Tarifs flexibles<\/strong><\/p>\n<p><strong><i class=\"fa-regular fa-check\"><\/i> \u00b7 Confirmation de r\u00e9servation imm\u00e9diate<\/strong><\/p>\n<p><strong><i class=\"fa-regular fa-lock\"><\/i> \u00b7 Paiement s\u00e9curis\u00e9<\/strong><\/p>\n\t\t\n<style>\n#text-165494060 {\n  line-height: 0.85;\n  color: rgb(0, 0, 0);\n}\n#text-165494060 > * {\n  color: rgb(0, 0, 0);\n}\n<\/style>\n\t<\/div>\n\t\n\n\t\t<\/div>\n\t\t\t\t\n<style>\n#col-2031352522 > .col-inner {\n  padding: 0px 0px 0px 10px;\n  margin: 30px 0px 0px 0px;\n}\n@media (min-width:550px) {\n  #col-2031352522 > .col-inner {\n    padding: 0px 0px 0px 0px;\n    margin: 80px 0px 0px 0px;\n  }\n}\n<\/style>\n\t<\/div>\n\n\t\n\n\t<div id=\"col-899851288\" class=\"col medium-4 small-12 large-4\"  >\n\t\t\t\t<div class=\"col-inner text-center\"  >\n\t\t\t\n\t\t\t\n\n<a href=\"https:\/\/app.mews.com\/distributor\/bcd21b67-fda6-4db9-a199-b27c00f15ea6?language=fr-FR\" target=\"_blank\" class=\"button primary box-shadow-2\" rel=\"nofollow noopener\">\n\t\t<span>Reserver maintenant<\/span>\n\t<\/a>\n\n\n\n\t\t<\/div>\n\t\t\t\t\n<style>\n#col-899851288 > .col-inner {\n  padding: 50px 0px 0px 0px;\n}\n<\/style>\n\t<\/div>\n\n\t\n\n<\/div>\n\n\t\t<\/div>\n\n\t\t\n<style>\n#section_107254446 {\n  padding-top: 0px;\n  padding-bottom: 0px;\n}\n#section_107254446 .section-bg-overlay {\n  background-color: rgba(255, 255, 255, 0.64);\n}\n#section_107254446 .section-bg img {\n  object-position: 52% 63%;\n}\n#section_107254446 .ux-shape-divider--top svg {\n  height: 50px;\n  --divider-top-width: 100%;\n}\n@media (min-width:550px) {\n  #section_107254446 .ux-shape-divider--top svg {\n    height: 150px;\n  }\n}\n<\/style>\n\t<\/section>\n\t\n","protected":false},"excerpt":{"rendered":"","protected":false},"author":9,"featured_media":0,"parent":0,"menu_order":0,"comment_status":"closed","ping_status":"closed","template":"page-blank.php","meta":{"footnotes":""},"class_list":["post-4080","page","type-page","status-publish","hentry"],"_links":{"self":[{"href":"https:\/\/laperlededomme.com\/fr\/wp-json\/wp\/v2\/pages\/4080","targetHints":{"allow":["GET"]}}],"collection":[{"href":"https:\/\/laperlededomme.com\/fr\/wp-json\/wp\/v2\/pages"}],"about":[{"href":"https:\/\/laperlededomme.com\/fr\/wp-json\/wp\/v2\/types\/page"}],"author":[{"embeddable":true,"href":"https:\/\/laperlededomme.com\/fr\/wp-json\/wp\/v2\/users\/9"}],"replies":[{"embeddable":true,"href":"https:\/\/laperlededomme.com\/fr\/wp-json\/wp\/v2\/comments?post=4080"}],"version-history":[{"count":0,"href":"https:\/\/laperlededomme.com\/fr\/wp-json\/wp\/v2\/pages\/4080\/revisions"}],"wp:attachment":[{"href":"https:\/\/laperlededomme.com\/fr\/wp-json\/wp\/v2\/media?parent=4080"}],"curies":[{"name":"wp","href":"https:\/\/api.w.org\/{rel}","templated":true}]}}