{"id":3531,"date":"2025-09-22T14:42:12","date_gmt":"2025-09-22T14:42:12","guid":{"rendered":"https:\/\/laperlededomme.com\/avis\/"},"modified":"2025-11-03T14:43:55","modified_gmt":"2025-11-03T14:43:55","slug":"avis","status":"publish","type":"page","link":"https:\/\/laperlededomme.com\/fr\/avis\/","title":{"rendered":"Commentaires"},"content":{"rendered":"\n\t<section class=\"section\" id=\"section_1277760181\">\n\t\t<div class=\"section-bg fill\" >\n\t\t\t<img decoding=\"async\" width=\"2560\" height=\"1707\" src=\"https:\/\/laperlededomme.com\/wp-content\/uploads\/2025\/09\/Jacuzzi-Spa-Detente-La-Perle-de-Domme-scaled.webp\" class=\"bg attachment-original size-original\" alt=\"A couple enjoying jacuzzi session at Spa Detente of La Perle de Domme\" \/>\t\t\t\t\t\t<div class=\"section-bg-overlay absolute fill\"><\/div>\n\t\t\t\n\n\t\t<\/div>\n\n\t\t\n\n\t\t<div class=\"section-content relative\">\n\t\t\t\n<div class=\"row align-center\"  id=\"row-30039567\">\n\n\t<div id=\"col-1826476515\" class=\"col medium-7 small-12 large-7\"  >\n\t\t\t\t<div class=\"col-inner\"  >\n\t\t\t\n\t\t\t\n\t<div id=\"text-2256989505\" class=\"text\">\n\t\t\n<h1>Critiques La Perle de Domme<\/h1>\n\t\t\n<style>\n#text-2256989505 {\n  font-size: 1.25rem;\n  text-align: center;\n  color: rgb(0,0,0);\n}\n#text-2256989505 > * {\n  color: rgb(0,0,0);\n}\n<\/style>\n\t<\/div>\n\t\n\t\t<\/div>\n\t\t\t\t\n<style>\n#col-1826476515 > .col-inner {\n  padding: 20px 0px 0px 0px;\n}\n<\/style>\n\t<\/div>\n\n\t\n<\/div>\n\t\t<\/div>\n\n\t\t\n<style>\n#section_1277760181 {\n  padding-top: 0px;\n  padding-bottom: 0px;\n  min-height: 300px;\n}\n#section_1277760181 .section-bg-overlay {\n  background-color: rgba(255, 255, 255, 0.86);\n}\n#section_1277760181 .section-bg img {\n  object-position: 68% 43%;\n}\n<\/style>\n\t<\/section>\n\t\n\n\t<section class=\"section\" id=\"section_141344103\">\n\t\t<div class=\"section-bg fill\" >\n\t\t\t\t\t\t\t\t\t\n\t\t\t\n\n\t\t<\/div>\n\n\t\t\n\n\t\t<div class=\"section-content relative\">\n\t\t\t\n<div class=\"row align-center\"  id=\"row-1233042501\">\n\n\t<div id=\"col-881997587\" class=\"col medium-8 small-12 large-8\"  >\n\t\t\t\t<div class=\"col-inner\"  >\n\t\t\t\n\t\t\t\n\t<div id=\"gap-188780170\" class=\"gap-element clearfix\" style=\"display:block; height:auto;\">\n\t\t\n<style>\n#gap-188780170 {\n  padding-top: 30px;\n}\n<\/style>\n\t<\/div>\n\t\n\t<div id=\"text-3088141768\" class=\"text\">\n\t\t\n<h2 class=\"thin-font\">Ce que disent nos invit\u00e9s<\/h2>\n<p>\u00c0 <strong>La Perle de Domme<\/strong>, vous trouverez un m\u00e9lange parfait de <strong>charme authentique de la Dordogne et de confort moderne<\/strong>. Situ\u00e9 dans le pittoresque village m\u00e9di\u00e9val de Domme, l&rsquo;h\u00f4tel propose des chambres douillettes, une hospitalit\u00e9 chaleureuse et des vues imprenables sur la vall\u00e9e de la Dordogne. <\/p>\n<p>Voici les commentaires de nos h\u00f4tes sur <a href=\"\/\">La Perle de Domme<\/a>.<\/p>\n\t\t\n<style>\n#text-3088141768 {\n  text-align: center;\n}\n<\/style>\n\t<\/div>\n\t\n\t\t<\/div>\n\t\t\t\t\t<\/div>\n\n\t\n<\/div>\n<div class=\"row align-equal\"  id=\"row-1781906970\">\n\n\t<div id=\"col-252199640\" class=\"col medium-4 small-12 large-4\"  >\n\t\t\t\t<div class=\"col-inner\" style=\"background-color:rgb(240, 240, 240);\" >\n\t\t\t\n\t\t\t\n  <div class=\"icon-box testimonial-box icon-box-center text-center\">\n                <div class=\"icon-box-img testimonial-image circle\" style=\"width: 80px\">\n              <img decoding=\"async\" width=\"300\" height=\"300\" src=\"https:\/\/laperlededomme.com\/wp-content\/uploads\/2025\/09\/Reviews-La-Perle-de-Domme-Dordogne-France-Avis-1-300x300.webp\" class=\"attachment-thumbnail size-thumbnail\" alt=\"Reviews La Perle de Domme Dordogne France Avis ()\" srcset=\"https:\/\/laperlededomme.com\/wp-content\/uploads\/2025\/09\/Reviews-La-Perle-de-Domme-Dordogne-France-Avis-1-300x300.webp 300w, https:\/\/laperlededomme.com\/wp-content\/uploads\/2025\/09\/Reviews-La-Perle-de-Domme-Dordogne-France-Avis-1.webp 500w\" sizes=\"(max-width: 300px) 100vw, 300px\" \/>        <\/div>\n                <div class=\"icon-box-text p-last-0\">\n          <div class=\"star-rating\"><span style=\"width:100%\"><strong class=\"rating\"><\/strong><\/span><\/div>  \t\t\t\t<div class=\"testimonial-text line-height-small italic test_text first-reset last-reset is-italic\">\n            \n\t<div id=\"gap-845713227\" class=\"gap-element clearfix\" style=\"display:block; height:auto;\">\n\t\t\n<style>\n#gap-845713227 {\n  padding-top: 10px;\n}\n<\/style>\n\t<\/div>\n\t\n<h3>Un joyau cach\u00e9<\/h3>\n<p>\u00ab\u00a0L&#8217;emplacement est parfait, en plein Domme, avec des vues \u00e0 couper le souffle. Le personnel a \u00e9t\u00e9 tr\u00e8s accueillant et nous a fait nous sentir comme chez nous.<\/p>\n          <\/div>\n          <div class=\"testimonial-meta pt-half\">\n             <strong class=\"testimonial-name test_name\">Emily Johnson<\/strong>\n                          <span class=\"testimonial-company test_company\"><\/span>\n          <\/div>\n        <\/div>\n  <\/div>\n\n  \n\t\t<\/div>\n\t\t\t\t\n<style>\n#col-252199640 > .col-inner {\n  padding: 20px 10px 30px 10px;\n  margin: 0px 0px 0px 0px;\n}\n<\/style>\n\t<\/div>\n\n\t\n\n\t<div id=\"col-1901934883\" class=\"col medium-4 small-12 large-4\"  >\n\t\t\t\t<div class=\"col-inner\" style=\"background-color:rgb(240, 240, 240);\" >\n\t\t\t\n\t\t\t\n  <div class=\"icon-box testimonial-box icon-box-center text-center\">\n                <div class=\"icon-box-img testimonial-image circle\" style=\"width: 80px\">\n              <img decoding=\"async\" width=\"300\" height=\"300\" src=\"https:\/\/laperlededomme.com\/wp-content\/uploads\/2025\/09\/Reviews-La-Perle-de-Domme-Dordogne-France-Avis-3-300x300.webp\" class=\"attachment-thumbnail size-thumbnail\" alt=\"Reviews La Perle de Domme Dordogne France Avis ()\" srcset=\"https:\/\/laperlededomme.com\/wp-content\/uploads\/2025\/09\/Reviews-La-Perle-de-Domme-Dordogne-France-Avis-3-300x300.webp 300w, https:\/\/laperlededomme.com\/wp-content\/uploads\/2025\/09\/Reviews-La-Perle-de-Domme-Dordogne-France-Avis-3.webp 500w\" sizes=\"(max-width: 300px) 100vw, 300px\" \/>        <\/div>\n                <div class=\"icon-box-text p-last-0\">\n          <div class=\"star-rating\"><span style=\"width:100%\"><strong class=\"rating\"><\/strong><\/span><\/div>  \t\t\t\t<div class=\"testimonial-text line-height-small italic test_text first-reset last-reset is-italic\">\n            \n\t<div id=\"gap-1408773993\" class=\"gap-element clearfix\" style=\"display:block; height:auto;\">\n\t\t\n<style>\n#gap-1408773993 {\n  padding-top: 10px;\n}\n<\/style>\n\t<\/div>\n\t\n<h3>Merveilleux s\u00e9jour en Dordogne<\/h3>\n<p>\u00ab\u00a0H\u00f4tel charmant avec des chambres confortables et un excellent petit d\u00e9jeuner. Le village de Domme est magique, et cet h\u00f4tel l&rsquo;a rendu encore plus sp\u00e9cial.\u00a0\u00bb<\/p>\n          <\/div>\n          <div class=\"testimonial-meta pt-half\">\n             <strong class=\"testimonial-name test_name\">Thomas M\u00fcller<\/strong>\n                          <span class=\"testimonial-company test_company\"><\/span>\n          <\/div>\n        <\/div>\n  <\/div>\n\n  \n\t\t<\/div>\n\t\t\t\t\n<style>\n#col-1901934883 > .col-inner {\n  padding: 20px 10px 30px 10px;\n  margin: 0px 0px 0px 0px;\n}\n<\/style>\n\t<\/div>\n\n\t\n\n\t<div id=\"col-1076557571\" class=\"col medium-4 small-12 large-4\"  >\n\t\t\t\t<div class=\"col-inner\" style=\"background-color:rgb(240, 240, 240);\" >\n\t\t\t\n\t\t\t\n  <div class=\"icon-box testimonial-box icon-box-center text-center\">\n                <div class=\"icon-box-img testimonial-image circle\" style=\"width: 80px\">\n              <img decoding=\"async\" width=\"300\" height=\"300\" src=\"https:\/\/laperlededomme.com\/wp-content\/uploads\/2025\/09\/Reviews-La-Perle-de-Domme-Dordogne-France-Avis-2-300x300.webp\" class=\"attachment-thumbnail size-thumbnail\" alt=\"Reviews La Perle de Domme Dordogne France Avis ()\" srcset=\"https:\/\/laperlededomme.com\/wp-content\/uploads\/2025\/09\/Reviews-La-Perle-de-Domme-Dordogne-France-Avis-2-300x300.webp 300w, https:\/\/laperlededomme.com\/wp-content\/uploads\/2025\/09\/Reviews-La-Perle-de-Domme-Dordogne-France-Avis-2.webp 500w\" sizes=\"(max-width: 300px) 100vw, 300px\" \/>        <\/div>\n                <div class=\"icon-box-text p-last-0\">\n          <div class=\"star-rating\"><span style=\"width:100%\"><strong class=\"rating\"><\/strong><\/span><\/div>  \t\t\t\t<div class=\"testimonial-text line-height-small italic test_text first-reset last-reset is-italic\">\n            \n\t<div id=\"gap-347338199\" class=\"gap-element clearfix\" style=\"display:block; height:auto;\">\n\t\t\n<style>\n#gap-347338199 {\n  padding-top: 10px;\n}\n<\/style>\n\t<\/div>\n\t\n<h3>Confortable et authentique<\/h3>\n<p>\u00ab\u00a0Nous avons ador\u00e9 le style traditionnel m\u00e9lang\u00e9 \u00e0 des touches modernes. Un endroit plein de caract\u00e8re dans une belle r\u00e9gion\u00a0\u00bb.<\/p>\n          <\/div>\n          <div class=\"testimonial-meta pt-half\">\n             <strong class=\"testimonial-name test_name\">Claire Dupont<\/strong>\n                          <span class=\"testimonial-company test_company\"><\/span>\n          <\/div>\n        <\/div>\n  <\/div>\n\n  \n\t\t<\/div>\n\t\t\t\t\n<style>\n#col-1076557571 > .col-inner {\n  padding: 20px 20px 30px 20px;\n  margin: 0px 0px 0px 0px;\n}\n<\/style>\n\t<\/div>\n\n\t\n<\/div>\n\t\t<\/div>\n\n\t\t\n<style>\n#section_141344103 {\n  padding-top: 30px;\n  padding-bottom: 30px;\n}\n<\/style>\n\t<\/section>\n\t\n\n\t<section class=\"section\" id=\"section_201994775\">\n\t\t<div class=\"section-bg fill\" >\n\t\t\t\t\t\t\t\t\t\n\t\t\t\n\n\t\t<\/div>\n\n\t\t\n\n\t\t<div class=\"section-content relative\">\n\t\t\t\n<div class=\"row row-full-width\"  id=\"row-1083024068\">\n\n\t<div id=\"col-38593491\" class=\"col small-12 large-12\"  >\n\t\t\t\t<div class=\"col-inner box-shadow-4\"  >\n\t\t\t\n\t\t\t\n\n  <div class=\"banner has-hover\" id=\"banner-737472265\">\n          <div class=\"banner-inner fill\">\n        <div class=\"banner-bg fill\" >\n            <img decoding=\"async\" width=\"1280\" height=\"853\" src=\"https:\/\/laperlededomme.com\/wp-content\/uploads\/2025\/08\/Front-of-the-property-LPD-e1754554862717.png\" class=\"bg attachment-original size-original\" alt=\"Front of the property LPD\" \/>                        <div class=\"overlay\"><\/div>            \n                    <\/div>\n\t\t\n        <div class=\"banner-layers container\">\n            <div class=\"fill banner-link\"><\/div>            \n   <div id=\"text-box-1132180789\" class=\"text-box banner-layer x10 md-x0 lg-x0 y50 md-y50 lg-y50 res-text\">\n                                <div class=\"text-box-content text dark\">\n              \n              <div class=\"text-inner text-center\">\n                  \n\t<div id=\"text-2283624427\" class=\"text\">\n\t\t\n<h3 class=\"uppercase\">96%<\/h3>\n\t\t\n<style>\n#text-2283624427 {\n  font-size: 4rem;\n  text-align: left;\n}\n@media (min-width:550px) {\n  #text-2283624427 {\n    font-size: 4rem;\n  }\n}\n<\/style>\n\t<\/div>\n\t\n\t<div id=\"text-3955259748\" class=\"text\">\n\t\t\n<h4>Nos clients recommandent La Perle de Domme pour son charme authentique, ses chambres douillettes et ses vues \u00e0 couper le souffle sur la vall\u00e9e de la Dordogne.<\/h4>\n\t\t\n<style>\n#text-3955259748 {\n  font-size: 0.85rem;\n  line-height: 1.25;\n  text-align: left;\n}\n@media (min-width:550px) {\n  #text-3955259748 {\n    font-size: 1.1rem;\n  }\n}\n<\/style>\n\t<\/div>\n\t\n              <\/div>\n           <\/div>\n                            \n<style>\n#text-box-1132180789 {\n  width: 80%;\n}\n#text-box-1132180789 .text-box-content {\n  font-size: 100%;\n}\n@media (min-width:550px) {\n  #text-box-1132180789 {\n    width: 46%;\n  }\n}\n<\/style>\n    <\/div>\n \n        <\/div>\n      <\/div>\n\n            \n<style>\n#banner-737472265 {\n  padding-top: 450px;\n}\n#banner-737472265 .overlay {\n  background-color: rgba(0, 0, 0, 0.709);\n}\n#banner-737472265 .banner-bg img {\n  object-position: 61% 35%;\n}\n@media (min-width:550px) {\n  #banner-737472265 {\n    padding-top: 500px;\n  }\n}\n<\/style>\n  <\/div>\n\n\n\t\t<\/div>\n\t\t\t\t\t<\/div>\n\n\t\n<\/div>\n\t\t<\/div>\n\n\t\t\n<style>\n#section_201994775 {\n  padding-top: 0px;\n  padding-bottom: 0px;\n}\n<\/style>\n\t<\/section>\n\t\n\n\t<section class=\"section\" id=\"section_1934460777\">\n\t\t<div class=\"section-bg fill\" >\n\t\t\t\t\t\t\t\t\t\n\t\t\t\n\n\t\t<\/div>\n\n\t\t\n\n\t\t<div class=\"section-content relative\">\n\t\t\t\n<div class=\"row\"  id=\"row-887904136\">\n\n\t<div id=\"col-1212448431\" class=\"col small-12 large-12\"  >\n\t\t\t\t<div class=\"col-inner text-center\"  >\n\t\t\t\n\t\t\t\n\t<div id=\"text-2799608597\" class=\"text\">\n\t\t\n<h2>Derniers avis des visiteurs sur Google<\/h2>\n\t\t\n<style>\n#text-2799608597 {\n  font-size: 1.35rem;\n}\n<\/style>\n\t<\/div>\n\t\n\t<div id=\"gap-461532070\" class=\"gap-element clearfix\" style=\"display:block; height:auto;\">\n\t\t\n<style>\n#gap-461532070 {\n  padding-top: 30px;\n}\n<\/style>\n\t<\/div>\n\t\n\n<div id=\"google-business-reviews-rating\" class=\"google-business-reviews-rating gmbrr columns three fonts center carousel\" data-view=\"3\">\r\n\t<h2 class=\"heading\"><span class=\"icon\"><img decoding=\"async\" src=\"https:\/\/maps.gstatic.com\/mapfiles\/place_api\/icons\/v1\/png_71\/lodging-71.png\" alt=\"La Perle de Domme Icon\"><\/span>La Perle de Domme<\/h2>\r\n\t<p class=\"vicinity\">571 Taire du Grel, Domme<\/p>\r\n\t<p class=\"rating\"><span class=\"number\">4,9<\/span> <span class=\"all-stars animate\"><span class=\"star\"><\/span><span class=\"star\"><\/span><span class=\"star\"><\/span><span class=\"star\"><\/span><span class=\"star split-90-10\"><\/span><\/span> <a href=\"https:\/\/search.google.com\/local\/reviews?placeid=ChIJrUS993unrBIR9CHKN1mzs98\" target=\"_blank\" rel=\"nofollow noopener\" class=\"count\">171 reviews<\/a><\/p>\r\n<ul class=\"listing\">\r\n\t\t<li class=\"rating-5 visible\" data-index=\"0\">\r\n\t\t\t<span class=\"author-avatar\"><a href=\"https:\/\/www.google.com\/maps\/contrib\/102358374287005926727\/reviews\" target=\"_blank\" rel=\"nofollow noopener\"><img decoding=\"async\" src=\"https:\/\/lh3.googleusercontent.com\/a\/ACg8ocIcATDvJo9pAzAdr6usbKfem0At28YnKQvZ1iOJjNp_t30-_Q=s128-c0x00000000-cc-rp-mo\" alt=\"Avatar\"><\/a><\/span>\r\n\t\t\t<span class=\"review-meta\">\r\n\t\t\t\t<span class=\"author-name\"><a href=\"https:\/\/www.google.com\/maps\/contrib\/102358374287005926727\/reviews\" target=\"_blank\" rel=\"nofollow noopener\">Hilda West<\/a><\/span>\r\n\t\t\t\t<span class=\"rating\">\u2605\u2605\u2605\u2605\u2605<\/span>\r\n\t\t\t\t<span class=\"relative-time-description\">a month ago<\/span>\r\n\t\t\t<\/span>\r\n\t\t\t<div class=\"text text-excerpt\"><span class=\"review-snippet\">5\/5 all round.<br>\n\t\t\t\tStayed for 1 week with my husband and grown up kids.<br>\n\t\t\t\tWe were warmly welcomed by Marilou on arrival and were immediately impressed all round.  A sign of things to come where we looked after with excellent service all round.<\/span> <span class=\"review-more-placeholder\">\u2026 More<\/span><span class=\"review-full-text\"> The villas are truly outstanding and the whole place is absolutely beautiful.<br>\n\t\t\t\tTo top it off, the location is fantastic with easy access to the beautiful village of Domme and easy access to Sarlat.<br>\n\t\t\t\tWe absolutely loved our stay and would love to return.<\/span><\/div>\r\n\t\t<\/li>\r\n\t\t<li class=\"rating-5 visible\" data-index=\"1\">\r\n\t\t\t<span class=\"author-avatar\"><a href=\"https:\/\/www.google.com\/maps\/contrib\/103209224947290367069\/reviews\" target=\"_blank\" rel=\"nofollow noopener\"><img decoding=\"async\" src=\"https:\/\/lh3.googleusercontent.com\/a\/ACg8ocLVt8Z5UICfMcUZFUZelk7mt54_J9WjFq56P5Dn98Q-dZr3Iw=s128-c0x00000000-cc-rp-mo-ba3\" alt=\"Avatar\"><\/a><\/span>\r\n\t\t\t<span class=\"review-meta\">\r\n\t\t\t\t<span class=\"author-name\"><a href=\"https:\/\/www.google.com\/maps\/contrib\/103209224947290367069\/reviews\" target=\"_blank\" rel=\"nofollow noopener\">Daniel<\/a><\/span>\r\n\t\t\t\t<span class=\"rating\">\u2605\u2605\u2605\u2605\u2605<\/span>\r\n\t\t\t\t<span class=\"relative-time-description\">2 months ago<\/span>\r\n\t\t\t<\/span>\r\n\t\t\t<div class=\"text text-excerpt\"><span class=\"review-snippet\">Stayed for 4 nights with my wife and we could not be happier with our stay.<br>\n\t\t\t\tWe were warmly greeted by Marilou upon arrival and received a free room upgrade out of generosity. The room was spacious and clean, and the view of the landscape<\/span> <span class=\"review-more-placeholder\">\u2026 More<\/span><span class=\"review-full-text\"> and pool was pleasant. Marilou and the rest of the staff were very attentive and helped us with all of our requests.<br>\n\t\t\t\tThe only thing to note is that there is no restaurant on site so we had to have our meals prepared beforehand.<br>\n\t\t\t\tHighly recommend.<\/span><\/div>\r\n\t\t<\/li>\r\n\t\t<li class=\"rating-5 visible\" data-index=\"2\">\r\n\t\t\t<span class=\"author-avatar\"><a href=\"https:\/\/www.google.com\/maps\/contrib\/109282735544999893166\/reviews\" target=\"_blank\" rel=\"nofollow noopener\"><img decoding=\"async\" src=\"https:\/\/lh3.googleusercontent.com\/a-\/ALV-UjXMYyeRR-z-KMXLyGCYnYXCMbeSak0DN36Qx2tjvorQLWKCxttD=s128-c0x00000000-cc-rp-mo\" alt=\"Avatar\"><\/a><\/span>\r\n\t\t\t<span class=\"review-meta\">\r\n\t\t\t\t<span class=\"author-name\"><a href=\"https:\/\/www.google.com\/maps\/contrib\/109282735544999893166\/reviews\" target=\"_blank\" rel=\"nofollow noopener\">Abi Parker<\/a><\/span>\r\n\t\t\t\t<span class=\"rating\">\u2605\u2605\u2605\u2605\u2605<\/span>\r\n\t\t\t\t<span class=\"relative-time-description\">a month ago<\/span>\r\n\t\t\t<\/span>\r\n\t\t\t<div class=\"text\">What a place! Fabulous staff. Incredible facilities. Views the stuff of memories plus comfortable beds and stylish accommodation. 5 stars for everything!<\/div>\r\n\t\t<\/li>\r\n\t\t<li class=\"rating-5 hidden\" data-index=\"3\">\r\n\t\t\t<span class=\"author-avatar\"><a href=\"https:\/\/www.google.com\/maps\/contrib\/116362915148412818058\/reviews\" target=\"_blank\" rel=\"nofollow noopener\"><img decoding=\"async\" src=\"https:\/\/lh3.googleusercontent.com\/a-\/ALV-UjVuOzrl9OzXQWFrbR0Nfus9IDmOCVV6QLDVasjrDYFRn4Wuo9A=s128-c0x00000000-cc-rp-mo\" alt=\"Avatar\"><\/a><\/span>\r\n\t\t\t<span class=\"review-meta\">\r\n\t\t\t\t<span class=\"author-name\"><a href=\"https:\/\/www.google.com\/maps\/contrib\/116362915148412818058\/reviews\" target=\"_blank\" rel=\"nofollow noopener\">Tracy Clements<\/a><\/span>\r\n\t\t\t\t<span class=\"rating\">\u2605\u2605\u2605\u2605\u2605<\/span>\r\n\t\t\t\t<span class=\"relative-time-description\">3 months ago<\/span>\r\n\t\t\t<\/span>\r\n\t\t\t<div class=\"text text-excerpt\"><span class=\"review-snippet\">The attention to detail here is wonderful. The location is gorgeous and the standards of service and cleanliness were amazing. We travel many times a month and are often very disappointed. The Perle exceeds all expectations and we will<\/span> <span class=\"review-more-placeholder\">\u2026 More<\/span><span class=\"review-full-text\"> definitely be back soon.<\/span><\/div>\r\n\t\t<\/li>\r\n\t\t<li class=\"rating-5 hidden\" data-index=\"4\">\r\n\t\t\t<span class=\"author-avatar\"><a href=\"https:\/\/www.google.com\/maps\/contrib\/112138799676727964228\/reviews\" target=\"_blank\" rel=\"nofollow noopener\"><img decoding=\"async\" src=\"https:\/\/lh3.googleusercontent.com\/a\/ACg8ocKkz_pTCX3e_Ft1N0pHR2v_7A4xpssqxaEVq15KtJAal8HsUg=s128-c0x00000000-cc-rp-mo\" alt=\"Avatar\"><\/a><\/span>\r\n\t\t\t<span class=\"review-meta\">\r\n\t\t\t\t<span class=\"author-name\"><a href=\"https:\/\/www.google.com\/maps\/contrib\/112138799676727964228\/reviews\" target=\"_blank\" rel=\"nofollow noopener\">Vicky Bradley<\/a><\/span>\r\n\t\t\t\t<span class=\"rating\">\u2605\u2605\u2605\u2605\u2605<\/span>\r\n\t\t\t\t<span class=\"relative-time-description\">a month ago<\/span>\r\n\t\t\t<\/span>\r\n\t\t\t<div class=\"text\">The most beautiful apartment and spa. We will most certainly be back. Luxurious high-end finish And the most beautiful scenery you could ask for.<\/div>\r\n\t\t<\/li>\r\n\t\t<li class=\"rating-5 hidden\" data-index=\"5\">\r\n\t\t\t<span class=\"author-avatar\"><a href=\"https:\/\/www.google.com\/maps\/contrib\/114899641809964407967\" target=\"_blank\" rel=\"nofollow noopener\"><img decoding=\"async\" src=\"https:\/\/lh3.googleusercontent.com\/a\/ACg8ocK62XT5pgj6e-4HdJqskMvTn0xiNPddmGUOnYoCNLi9LxiuzCc=s40-c-rp-mo-ba4-br100\" alt=\"Avatar\"><\/a><\/span>\r\n\t\t\t<span class=\"review-meta\">\r\n\t\t\t\t<span class=\"author-name\"><a href=\"https:\/\/www.google.com\/maps\/contrib\/114899641809964407967\" target=\"_blank\" rel=\"nofollow noopener\">irma fubiani<\/a><\/span>\r\n\t\t\t\t<span class=\"rating\">\u2605\u2605\u2605\u2605\u2605<\/span>\r\n\t\t\t\t<span class=\"relative-time-description\">9 months ago<\/span>\r\n\t\t\t<\/span>\r\n\t\t\t<div class=\"text\">This is truly the best, but I have ever stayed at when visiting the region. Hat off to the owner and the caretakers because everything is pristine and it feels like a welcome place to stay for she will be back.<\/div>\r\n\t\t<\/li>\r\n\t<\/ul>\r\n\t<ul class=\"navigation\">\t\t<li class=\"bullet current\"><a href=\"#google-business-reviews-rating\" data-slide=\"1\">\u25cf<\/a><\/li>\t\t<li class=\"bullet\"><a href=\"#google-business-reviews-rating\" data-slide=\"2\">\u25cf<\/a><\/li>\t<\/ul>\t<p class=\"attribution\"><span class=\"powered-by-google\" title=\"Powered by Google\"><\/span><\/p>\r\n<\/div>\r\n\n\n\t<div id=\"gap-1129703821\" class=\"gap-element clearfix\" style=\"display:block; height:auto;\">\n\t\t\n<style>\n#gap-1129703821 {\n  padding-top: 30px;\n}\n<\/style>\n\t<\/div>\n\t\n\t<div id=\"text-2992115851\" class=\"text\">\n\t\t\n<h2>Avez-vous appr\u00e9ci\u00e9 votre s\u00e9jour ?<\/h2>\n<p>Laissez votre avis et aidez les futurs clients \u00e0 d\u00e9couvrir La Perle de Domme.<\/p>\n\t\t\n<style>\n#text-2992115851 {\n  text-align: center;\n}\n<\/style>\n\t<\/div>\n\t\n<a href=\"https:\/\/search.google.com\/local\/writereview?placeid=ChIJrUS993unrBIR9CHKN1mzs98\" target=\"_blank\" class=\"button primary\" rel=\"noopener nofollow\">\n\t\t<span>Laisser un commentaire<\/span>\n\t<\/a>\n\n<a href=\"https:\/\/app.mews.com\/distributor\/bcd21b67-fda6-4db9-a199-b27c00f15ea6?language=en-GB&#038;_gl=1*k2cq5z*_gcl_au*MzEwNjkzNjk4LjE3NTU3NjUwMDY.\" target=\"_blank\" class=\"button secondary\" rel=\"noopener nofollow\">\n\t\t<span>RESERVER MAINTENANT<\/span>\n\t<\/a>\n\n\t\t<\/div>\n\t\t\t\t\t<\/div>\n\n\t\n<\/div>\n\t\t<\/div>\n\n\t\t\n<style>\n#section_1934460777 {\n  padding-top: 30px;\n  padding-bottom: 30px;\n}\n<\/style>\n\t<\/section>\n\t\n\n\t<section class=\"section\" id=\"section_1388794779\">\n\t\t<div class=\"section-bg fill\" >\n\t\t\t<img decoding=\"async\" width=\"1500\" height=\"1000\" src=\"https:\/\/laperlededomme.com\/wp-content\/uploads\/2023\/08\/exterior-La-Perle-de-Domme-Aparthotel-Dordogne.webp\" class=\"bg attachment-original size-original\" alt=\"\" \/>\t\t\t\t\t\t<div class=\"section-bg-overlay absolute fill\"><\/div>\n\t\t\t\n\n\t\t<\/div>\n\n\t\t\t<div class=\"ux-shape-divider ux-shape-divider--top ux-shape-divider--style-arrow\">\n\t\t<svg viewBox=\"0 0 1000 100\" xmlns=\"http:\/\/www.w3.org\/2000\/svg\" preserveAspectRatio=\"none\">\n\t<path class=\"ux-shape-fill\" d=\"M1000 100H0L0 96H483L500 79L517 96H1000V100Z\"\/>\n<\/svg>\n\t<\/div>\n\n\n\t\t<div class=\"section-content relative\">\n\t\t\t\n\n<div class=\"row align-middle align-center\"  id=\"row-13500319\">\n\n\n\t<div id=\"col-148318578\" class=\"col medium-5 small-12 large-5\"  >\n\t\t\t\t<div class=\"col-inner\"  >\n\t\t\t\n\t\t\t\n\n\t<div id=\"text-3126959731\" class=\"text\">\n\t\t\n\n<h4><strong>AVANTAGES DE LA R\u00c9SERVATION EN DIRECT<\/strong><\/h4>\n\t\t\n<style>\n#text-3126959731 {\n  color: rgb(0,0,0);\n}\n#text-3126959731 > * {\n  color: rgb(0,0,0);\n}\n<\/style>\n\t<\/div>\n\t\n\t<div id=\"text-1177874437\" class=\"text\">\n\t\t\n\n<p><i class=\"fa-regular fa-certificate\"><\/i> <strong>\u00b7 Meilleurs prix garantis<\/strong><\/p>\n<p><strong><i class=\"fa-regular fa-shuffle\"><\/i> \u00b7 Tarifs flexibles<\/strong><\/p>\n<p><strong><i class=\"fa-regular fa-check\"><\/i> \u00b7 Confirmation de r\u00e9servation imm\u00e9diate<\/strong><\/p>\n<p><strong><i class=\"fa-regular fa-lock\"><\/i> \u00b7 Paiement s\u00e9curis\u00e9<\/strong><\/p>\n\t\t\n<style>\n#text-1177874437 {\n  line-height: 0.85;\n  color: rgb(0, 0, 0);\n}\n#text-1177874437 > * {\n  color: rgb(0, 0, 0);\n}\n<\/style>\n\t<\/div>\n\t\n\n\t\t<\/div>\n\t\t\t\t\n<style>\n#col-148318578 > .col-inner {\n  padding: 0px 0px 0px 10px;\n  margin: 30px 0px 0px 0px;\n}\n@media (min-width:550px) {\n  #col-148318578 > .col-inner {\n    padding: 0px 0px 0px 0px;\n    margin: 80px 0px 0px 0px;\n  }\n}\n<\/style>\n\t<\/div>\n\n\t\n\n\t<div id=\"col-1179640623\" class=\"col medium-4 small-12 large-4\"  >\n\t\t\t\t<div class=\"col-inner text-center\"  >\n\t\t\t\n\t\t\t\n\n<a href=\"https:\/\/app.mews.com\/distributor\/bcd21b67-fda6-4db9-a199-b27c00f15ea6?language=fr-FR\" target=\"_blank\" class=\"button primary box-shadow-2\" rel=\"nofollow noopener\">\n\t\t<span>Reserver maintenant<\/span>\n\t<\/a>\n\n\n\n\t\t<\/div>\n\t\t\t\t\n<style>\n#col-1179640623 > .col-inner {\n  padding: 50px 0px 0px 0px;\n}\n<\/style>\n\t<\/div>\n\n\t\n\n<\/div>\n\n\t\t<\/div>\n\n\t\t\n<style>\n#section_1388794779 {\n  padding-top: 0px;\n  padding-bottom: 0px;\n}\n#section_1388794779 .section-bg-overlay {\n  background-color: rgba(255, 255, 255, 0.64);\n}\n#section_1388794779 .section-bg img {\n  object-position: 52% 63%;\n}\n#section_1388794779 .ux-shape-divider--top svg {\n  height: 50px;\n  --divider-top-width: 100%;\n}\n@media (min-width:550px) {\n  #section_1388794779 .ux-shape-divider--top svg {\n    height: 150px;\n  }\n}\n<\/style>\n\t<\/section>\n\t\n","protected":false},"excerpt":{"rendered":"","protected":false},"author":9,"featured_media":3501,"parent":0,"menu_order":0,"comment_status":"closed","ping_status":"closed","template":"page-blank.php","meta":{"footnotes":""},"class_list":["post-3531","page","type-page","status-publish","has-post-thumbnail","hentry"],"_links":{"self":[{"href":"https:\/\/laperlededomme.com\/fr\/wp-json\/wp\/v2\/pages\/3531","targetHints":{"allow":["GET"]}}],"collection":[{"href":"https:\/\/laperlededomme.com\/fr\/wp-json\/wp\/v2\/pages"}],"about":[{"href":"https:\/\/laperlededomme.com\/fr\/wp-json\/wp\/v2\/types\/page"}],"author":[{"embeddable":true,"href":"https:\/\/laperlededomme.com\/fr\/wp-json\/wp\/v2\/users\/9"}],"replies":[{"embeddable":true,"href":"https:\/\/laperlededomme.com\/fr\/wp-json\/wp\/v2\/comments?post=3531"}],"version-history":[{"count":0,"href":"https:\/\/laperlededomme.com\/fr\/wp-json\/wp\/v2\/pages\/3531\/revisions"}],"wp:featuredmedia":[{"embeddable":true,"href":"https:\/\/laperlededomme.com\/fr\/wp-json\/wp\/v2\/media\/3501"}],"wp:attachment":[{"href":"https:\/\/laperlededomme.com\/fr\/wp-json\/wp\/v2\/media?parent=3531"}],"curies":[{"name":"wp","href":"https:\/\/api.w.org\/{rel}","templated":true}]}}