{"id":1270,"date":"2024-03-14T09:53:37","date_gmt":"2024-03-14T09:53:37","guid":{"rendered":"https:\/\/laperlededomme.com\/?page_id=1270"},"modified":"2024-07-01T15:20:30","modified_gmt":"2024-07-01T15:20:30","slug":"developpement-durable","status":"publish","type":"page","link":"https:\/\/laperlededomme.com\/fr\/developpement-durable\/","title":{"rendered":"D\u00e9veloppement durable"},"content":{"rendered":"\n\t<section class=\"section\" id=\"section_1651030554\">\n\t\t<div class=\"section-bg fill\" >\n\t\t\t<img decoding=\"async\" width=\"1000\" height=\"666\" src=\"https:\/\/laperlededomme.com\/wp-content\/uploads\/2023\/08\/exterior-La-Perle-de-Domme-Aparthotel.webp\" class=\"bg attachment-original size-original\" alt=\"\" \/>\t\t\t\t\t\t<div class=\"section-bg-overlay absolute fill\"><\/div>\n\t\t\t\n\n\t\t<\/div>\n\n\t\t\n\n\t\t<div class=\"section-content relative\">\n\t\t\t\n<div class=\"row align-middle align-center\"  id=\"row-1913041336\">\n\n\t<div id=\"col-926370061\" class=\"col medium-11 small-12 large-11\"  >\n\t\t\t\t<div class=\"col-inner text-shadow-1\"  >\n\t\t\t\n\t\t\t\n\t<div id=\"text-422601807\" class=\"text\">\n\t\t\n<h1>D\u00e9veloppement durable et justice sociale<\/h1>\n\t\t\n<style>\n#text-422601807 {\n  text-align: center;\n  color: rgb(255,255,255);\n}\n#text-422601807 > * {\n  color: rgb(255,255,255);\n}\n<\/style>\n\t<\/div>\n\t\n\t<div id=\"text-1768396849\" class=\"text\">\n\t\t\n<p>\u00c0 une \u00e9poque de surconsommation et de gaspillage, <strong>La Perle de Domme<\/strong> a choisi d&rsquo;adopter une approche diff\u00e9rente bas\u00e9e sur des pratiques <strong>\u00e9cologiquement durables<\/strong> et <strong>socialement justes<\/strong>. Notre emplacement est dans une <strong> zone patrimoniale \u00e9cologiquement prot\u00e9g\u00e9e,<\/strong> qui exige \u00e0 ce que nous <strong>respections la nature<\/strong> et la beaut\u00e9 qu&rsquo;elle nous offre. Nous le faisons avec bonheur.<br \/>\n\t\t\n<style>\n#text-1768396849 {\n  font-size: 1.5rem;\n  text-align: center;\n  color: rgb(255,255,255);\n}\n#text-1768396849 > * {\n  color: rgb(255,255,255);\n}\n<\/style>\n\t<\/div>\n\t\n\t\t<\/div>\n\t\t\t\t\t<\/div>\n\n\t\n<\/div>\n\t\t<\/div>\n\n\t\t\n<style>\n#section_1651030554 {\n  padding-top: 0px;\n  padding-bottom: 0px;\n  min-height: 400px;\n}\n#section_1651030554 .section-bg-overlay {\n  background-color: rgba(0, 0, 0, 0.3);\n}\n#section_1651030554 .section-bg img {\n  object-position: 74% 0%;\n}\n<\/style>\n\t<\/section>\n\t\n\t<div id=\"gap-433996281\" class=\"gap-element clearfix\" style=\"display:block; height:auto;\">\n\t\t\n<style>\n#gap-433996281 {\n  padding-top: 30px;\n}\n<\/style>\n\t<\/div>\n\t\n\n\t<section class=\"section\" id=\"section_1745739409\">\n\t\t<div class=\"section-bg fill\" >\n\t\t\t\t\t\t\t\t\t\n\t\t\t\n\n\t\t<\/div>\n\n\t\t\n\n\t\t<div class=\"section-content relative\">\n\t\t\t\n<div class=\"row row-collapse align-middle align-center row-box-shadow-2\"  id=\"row-1775460056\">\n\n\t<div id=\"col-668247822\" class=\"col medium-11 small-12 large-6\"  >\n\t\t\t\t<div class=\"col-inner\"  >\n\t\t\t\n\t\t\t\n<h2>Efficacit\u00e9 \u00e9nerg\u00e9tique<\/h2>\n<div class=\"is-divider divider clearfix\" style=\"background-color:rgb(89, 18, 2);\"><\/div>\n<p>Nous <strong>n&rsquo;utilisons ni de p\u00e9trole, ni de gaz<\/strong> que ce soit pour le chauffage ou \u00e0 toute autre fin. Tout le chauffage, le refroidissement et la ventilation des appartements sont assur\u00e9s par l&rsquo;utilisation de pompes \u00e0 chaleur et d&rsquo; <strong>&lsquo;\u00e9changeurs efficaces sur le plan \u00e9lectrique<\/strong> tandis que nous utilisons des <strong>r\u00e9servoirs d&rsquo;eau programmables<\/strong> digitalement pour contr\u00f4ler la production et le d\u00e9bit d&rsquo;eau chaude. L&rsquo;ensemble de nos fonctions de chauffage, de refroidissement, de ventilation et de production d&rsquo;eau chaude sont int\u00e9gr\u00e9es num\u00e9riquement dans un <strong>module de contr\u00f4le central intelligent<\/strong>, ce qui permet de <strong>ne pas gaspiller un seul watt d&rsquo;\u00e9lectricit\u00e9<\/strong>.<\/p>\n\t\t<\/div>\n\t\t\t\t\n<style>\n#col-668247822 > .col-inner {\n  padding: 50px 50px 50px 50px;\n}\n<\/style>\n\t<\/div>\n\n\t\n\n\t<div id=\"col-321693147\" class=\"col medium-12 small-12 large-6 small-col-first\"  >\n\t\t\t\t<div class=\"col-inner\"  >\n\t\t\t\n\t\t\t\n\t<div class=\"img has-hover x md-x lg-x y md-y lg-y\" id=\"image_1009849174\">\n\t\t\t\t\t\t\t\t<div class=\"img-inner dark\" >\n\t\t\t<img decoding=\"async\" width=\"1500\" height=\"1000\" src=\"https:\/\/laperlededomme.com\/wp-content\/uploads\/2024\/01\/LaPerleDomme-studio5.webp\" class=\"attachment-original size-original\" alt=\"\" srcset=\"https:\/\/laperlededomme.com\/wp-content\/uploads\/2024\/01\/LaPerleDomme-studio5.webp 1500w, https:\/\/laperlededomme.com\/wp-content\/uploads\/2024\/01\/LaPerleDomme-studio5-300x200.webp 300w, https:\/\/laperlededomme.com\/wp-content\/uploads\/2024\/01\/LaPerleDomme-studio5-768x512.webp 768w, https:\/\/laperlededomme.com\/wp-content\/uploads\/2024\/01\/LaPerleDomme-studio5-1024x683.webp 1024w\" sizes=\"(max-width: 1500px) 100vw, 1500px\" \/>\t\t\t\t\t\t\n\t\t\t\t\t<\/div>\n\t\t\t\t\t\t\t\t\n<style>\n#image_1009849174 {\n  width: 100%;\n}\n<\/style>\n\t<\/div>\n\t\n\t\t<\/div>\n\t\t\t\t\t<\/div>\n\n\t\n<\/div>\n\t\t<\/div>\n\n\t\t\n<style>\n#section_1745739409 {\n  padding-top: 30px;\n  padding-bottom: 30px;\n}\n<\/style>\n\t<\/section>\n\t\n\n\t<section class=\"section\" id=\"section_560153468\">\n\t\t<div class=\"section-bg fill\" >\n\t\t\t\t\t\t\t\t\t\n\t\t\t\n\n\t\t<\/div>\n\n\t\t\n\n\t\t<div class=\"section-content relative\">\n\t\t\t\n<span class=\"scroll-to\" data-label=\"Scroll to: #electric-scooters\" data-bullet=\"false\" data-link=\"#electric-scooters\" data-title=\"Electric Scooters\" ><a name=\"electric-scooters\"><\/a><\/span>\n<div class=\"row row-collapse align-middle align-center row-box-shadow-2\"  id=\"row-123444166\">\n\n\t<div id=\"col-1261212701\" class=\"col medium-12 small-12 large-6 small-col-first\"  >\n\t\t\t\t<div class=\"col-inner\"  >\n\t\t\t\n\t\t\t\n\t<div class=\"img has-hover x md-x lg-x y md-y lg-y\" id=\"image_2105383920\">\n\t\t\t\t\t\t\t\t<div class=\"img-inner image-cover dark\" style=\"padding-top:80%;\">\n\t\t\t<img decoding=\"async\" width=\"1500\" height=\"1000\" src=\"https:\/\/laperlededomme.com\/wp-content\/uploads\/2023\/05\/black-scooter-La-Perle-de-Domme-Aparthotel-Dordogne.webp\" class=\"attachment-original size-original\" alt=\"\" srcset=\"https:\/\/laperlededomme.com\/wp-content\/uploads\/2023\/05\/black-scooter-La-Perle-de-Domme-Aparthotel-Dordogne.webp 1500w, https:\/\/laperlededomme.com\/wp-content\/uploads\/2023\/05\/black-scooter-La-Perle-de-Domme-Aparthotel-Dordogne-300x200.webp 300w, https:\/\/laperlededomme.com\/wp-content\/uploads\/2023\/05\/black-scooter-La-Perle-de-Domme-Aparthotel-Dordogne-768x512.webp 768w, https:\/\/laperlededomme.com\/wp-content\/uploads\/2023\/05\/black-scooter-La-Perle-de-Domme-Aparthotel-Dordogne-1024x683.webp 1024w\" sizes=\"(max-width: 1500px) 100vw, 1500px\" \/>\t\t\t\t\t\t\n\t\t\t\t\t<\/div>\n\t\t\t\t\t\t\t\t\n<style>\n#image_2105383920 {\n  width: 100%;\n}\n<\/style>\n\t<\/div>\n\t\n\t\t<\/div>\n\t\t\t\t\t<\/div>\n\n\t\n\n\t<div id=\"col-1504171636\" class=\"col medium-11 small-12 large-6 medium-col-first\"  >\n\t\t\t\t<div class=\"col-inner\"  >\n\t\t\t\n\t\t\t\n<h2>Transition vers le transport \u00e9lectrique<\/h2>\n<div class=\"is-divider divider clearfix\" style=\"background-color:rgb(89, 18, 2);\"><\/div>\n<p>Nous cherchons constamment des alternatives \u00e0 l&rsquo;utilisation des combustibles fossiles et nous sommes fiers de l&rsquo;introduction de 10 scooters de style r\u00e9tro qui <strong> fonctionnent enti\u00e8rement \u00e0 l&rsquo;\u00e9lectricit\u00e9<\/strong>. Nous proposons \u00e9galement des <strong>bornes de recharge pour les v\u00e9hicules \u00e9lectriques<\/strong> alors renseignez-vous au moment de votre r\u00e9servation. Comme <strong>Electricit\u00e9 de France est capable de nous fournir de l&rsquo;\u00e9nergie verte provenant d&rsquo;installations solaires, \u00e9oliennes et hydro\u00e9lectriques<\/strong>, nous croyons vraiment que nous <strong>tenons notre promesse \u00e0 M\u00e8re Nature<\/strong>.<\/p>\n\t\t<\/div>\n\t\t\t\t\n<style>\n#col-1504171636 > .col-inner {\n  padding: 50px 50px 50px 50px;\n}\n<\/style>\n\t<\/div>\n\n\t\n<\/div>\n\t\t<\/div>\n\n\t\t\n<style>\n#section_560153468 {\n  padding-top: 30px;\n  padding-bottom: 30px;\n}\n<\/style>\n\t<\/section>\n\t\n\n\t<section class=\"section\" id=\"section_344565612\">\n\t\t<div class=\"section-bg fill\" >\n\t\t\t\t\t\t\t\t\t\n\t\t\t\n\n\t\t<\/div>\n\n\t\t\n\n\t\t<div class=\"section-content relative\">\n\t\t\t\n<span class=\"scroll-to\" data-label=\"Scroll to: #wine-bar-terrace\" data-bullet=\"false\" data-link=\"#wine-bar-terrace\" data-title=\"Wine Bar Terrace\" ><a name=\"wine-bar-terrace\"><\/a><\/span>\n<div class=\"row row-collapse align-middle align-center row-box-shadow-2\"  id=\"row-1561604671\">\n\n\t<div id=\"col-270806054\" class=\"col medium-11 small-12 large-6\"  >\n\t\t\t\t<div class=\"col-inner\"  >\n\t\t\t\n\t\t\t\n<h2>Partenariat avec Kalani : un engagement en faveur du d\u00e9veloppement durable<\/h2>\n<div class=\"is-divider divider clearfix\" style=\"background-color:rgb(89, 18, 2);\"><\/div>\n<p>Notre engagement en faveur de l&rsquo;environnement et de la justice sociale est probablement le mieux illustr\u00e9 par notre partenariat avec <strong>Kalani<\/strong>, qui nous fournit \u00e0 la fois notre linge de lit et celui de toilette. Cette merveilleuse entreprise belge ne se contente pas de fabriquer des <strong>produits en coton 100% biologique<\/strong> d&rsquo;une qualit\u00e9 irr\u00e9prochable, mais elle le fait de mani\u00e8re <strong>durable<\/strong> et <strong> \u00e9thique<\/strong>.<\/p>\n<p>Non seulement ils prennent grand soin de r\u00e9duire leur <strong> empreinte \u00e9cologique<\/strong> en acheminant leurs produits jusqu&rsquo;\u00e0 nous, mais ils savent litt\u00e9ralement o\u00f9 leur coton est cultiv\u00e9, et par qui. En int\u00e9grant des <strong>crit\u00e8res sociaux<\/strong> dans leurs produits, leurs choix et leurs actions, ils ont choisi avec soin leurs usines de fabrication en allant les rencontrer sur place. Toutes ces usines sont <strong> certifi\u00e9es Commerce \u00e9quitable<\/strong> et sont g\u00e9r\u00e9es avec respect et \u00e9thique.<\/p>\n\t\t<\/div>\n\t\t\t\t\n<style>\n#col-270806054 > .col-inner {\n  padding: 50px 50px 50px 50px;\n}\n<\/style>\n\t<\/div>\n\n\t\n\n\t<div id=\"col-1573829332\" class=\"col medium-12 small-12 large-6 small-col-first\"  >\n\t\t\t\t<div class=\"col-inner\"  >\n\t\t\t\n\t\t\t\n\t<div class=\"img has-hover x md-x lg-x y md-y lg-y\" id=\"image_1858744593\">\n\t\t\t\t\t\t\t\t<div class=\"img-inner image-cover dark\" style=\"padding-top:80%;\">\n\t\t\t<img decoding=\"async\" width=\"1500\" height=\"1000\" src=\"https:\/\/laperlededomme.com\/wp-content\/uploads\/2024\/01\/Laperledomme-new-room-7.webp\" class=\"attachment-original size-original\" alt=\"\" srcset=\"https:\/\/laperlededomme.com\/wp-content\/uploads\/2024\/01\/Laperledomme-new-room-7.webp 1500w, https:\/\/laperlededomme.com\/wp-content\/uploads\/2024\/01\/Laperledomme-new-room-7-300x200.webp 300w, https:\/\/laperlededomme.com\/wp-content\/uploads\/2024\/01\/Laperledomme-new-room-7-768x512.webp 768w, https:\/\/laperlededomme.com\/wp-content\/uploads\/2024\/01\/Laperledomme-new-room-7-1024x683.webp 1024w\" sizes=\"(max-width: 1500px) 100vw, 1500px\" \/>\t\t\t\t\t\t\n\t\t\t\t\t<\/div>\n\t\t\t\t\t\t\t\t\n<style>\n#image_1858744593 {\n  width: 100%;\n}\n<\/style>\n\t<\/div>\n\t\n\t\t<\/div>\n\t\t\t\t\t<\/div>\n\n\t\n<\/div>\n\t\t<\/div>\n\n\t\t\n<style>\n#section_344565612 {\n  padding-top: 30px;\n  padding-bottom: 30px;\n}\n<\/style>\n\t<\/section>\n\t\n\n\t<section class=\"section\" id=\"section_343239621\">\n\t\t<div class=\"section-bg fill\" >\n\t\t\t\t\t\t\t\t\t\n\t\t\t\n\n\t\t<\/div>\n\n\t\t\n\n\t\t<div class=\"section-content relative\">\n\t\t\t\n<div class=\"row row-collapse align-middle align-center row-box-shadow-2\"  id=\"row-375030150\">\n\n\t<div id=\"col-1764877145\" class=\"col medium-12 small-12 large-6 small-col-first\"  >\n\t\t\t\t<div class=\"col-inner\"  >\n\t\t\t\n\t\t\t\n\t<div class=\"img has-hover x md-x lg-x y md-y lg-y\" id=\"image_361224669\">\n\t\t\t\t\t\t\t\t<div class=\"img-inner image-cover dark\" style=\"padding-top:80%;\">\n\t\t\t<img decoding=\"async\" width=\"800\" height=\"800\" src=\"https:\/\/laperlededomme.com\/wp-content\/uploads\/2024\/03\/commitments-respect-of-the-social-standard-la-perle-domme.webp\" class=\"attachment-original size-original\" alt=\"\" srcset=\"https:\/\/laperlededomme.com\/wp-content\/uploads\/2024\/03\/commitments-respect-of-the-social-standard-la-perle-domme.webp 800w, https:\/\/laperlededomme.com\/wp-content\/uploads\/2024\/03\/commitments-respect-of-the-social-standard-la-perle-domme-300x300.webp 300w, https:\/\/laperlededomme.com\/wp-content\/uploads\/2024\/03\/commitments-respect-of-the-social-standard-la-perle-domme-768x768.webp 768w, https:\/\/laperlededomme.com\/wp-content\/uploads\/2024\/03\/commitments-respect-of-the-social-standard-la-perle-domme-150x150.webp 150w\" sizes=\"(max-width: 800px) 100vw, 800px\" \/>\t\t\t\t\t\t\n\t\t\t\t\t<\/div>\n\t\t\t\t\t\t\t\t\n<style>\n#image_361224669 {\n  width: 100%;\n}\n<\/style>\n\t<\/div>\n\t\n\t\t<\/div>\n\t\t\t\t\t<\/div>\n\n\t\n\n\t<div id=\"col-999019496\" class=\"col medium-11 small-12 large-6 medium-col-first\"  >\n\t\t\t\t<div class=\"col-inner\"  >\n\t\t\t\n\t\t\t\n<h2>Pratiques durables dans la production<\/h2>\n<div class=\"is-divider divider clearfix\" style=\"background-color:rgb(89, 18, 2);\"><\/div>\n<p>Kalani s&rsquo;est engag\u00e9 au niveau international \u00e0 payer un prix plus \u00e9lev\u00e9 pour chaque kilo de coton achet\u00e9 aux agriculteurs des <strong>coop\u00e9ratives de coton biologique \u00ab Best Practice \u00bb<\/strong> dans les provinces d&rsquo;Odisha, de Telangana et de Maharashtra, au centre de l&rsquo;Inde. Ils s&rsquo;y rendent r\u00e9guli\u00e8rement et connaissent pr\u00e9cis\u00e9ment les villages d&rsquo;o\u00f9 provient leur <strong>coton bio\/commerce \u00e9quitable<\/strong>. Leur coton biologique est cultiv\u00e9 sans produits chimiques (pesticides, insecticides ou engrais) et contribue au bien-\u00eatre de ceux qui le cultivent et de leurs communaut\u00e9s.<\/p>\n<p>Les pratiques de production durable utilis\u00e9es ne polluent pas l&rsquo;eau, le sol ou l&rsquo;air, \u00e9vitent la surconsommation d&rsquo;eau d&rsquo;irrigation et pr\u00e9servent donc l&rsquo;environnement et la biodiversit\u00e9. Toute la cha\u00eene d&rsquo;approvisionnement de Kalani est <strong>certifi\u00e9e GOTS (Global Organic Textile Standard)<\/strong>, la certification de coton biologique la plus stricte au monde, qui en plus de garantir la culture biologique et la tra\u00e7abilit\u00e9, limite l&rsquo;utilisation de produits de transformation (lavage, teinture, impression, etc.) dans tous les processus de production et de fabrication des produits textiles. Si vous avez besoin de linge de lit ou de salle de bain, n&rsquo;h\u00e9sitez pas \u00e0 visiter le site <a href=\"http:\/\/www.kalani-home.com\/\" target=\"_new\" rel=\"noopener nofollow\">www.kalani-home.com<\/a><\/p>\n\t\t<\/div>\n\t\t\t\t\n<style>\n#col-999019496 > .col-inner {\n  padding: 50px 50px 50px 50px;\n}\n<\/style>\n\t<\/div>\n\n\t\n<\/div>\n\t\t<\/div>\n\n\t\t\n<style>\n#section_343239621 {\n  padding-top: 30px;\n  padding-bottom: 30px;\n}\n<\/style>\n\t<\/section>\n\t\n\n\t<section class=\"section\" id=\"section_252025445\">\n\t\t<div class=\"section-bg fill\" >\n\t\t\t\t\t\t\t\t\t\n\t\t\t\n\n\t\t<\/div>\n\n\t\t\n\n\t\t<div class=\"section-content relative\">\n\t\t\t\n<span class=\"scroll-to\" data-label=\"Scroll to: #pool\" data-bullet=\"false\" data-link=\"#pool\" data-title=\"Exterior Pool\" ><a name=\"pool\"><\/a><\/span>\n<div class=\"row row-collapse align-middle align-center row-box-shadow-2\"  id=\"row-912365267\">\n\n\t<div id=\"col-1206668634\" class=\"col medium-11 small-12 large-6\"  >\n\t\t\t\t<div class=\"col-inner\"  >\n\t\t\t\n\t\t\t\n<h2>Soutien \u00e0 la communaut\u00e9 et approvisionnement local<\/h2>\n<div class=\"is-divider divider clearfix\" style=\"background-color:rgb(89, 18, 2);\"><\/div>\n<p>Tous nos fournisseurs sont <strong>locaux<\/strong> et, dans la mesure du possible, nous soutenons les <strong>petites entreprises<\/strong> de notre communaut\u00e9 pour qu&rsquo;elles nous fournissent des produits adapt\u00e9s et de qualit\u00e9. Ainsi, <strong> La Perle est une vitrine de ce que la Dordogne a de mieux \u00e0 offrir<\/strong>, et elle est fi\u00e8rement expos\u00e9e \u00e0 la vue de tous.<\/p>\n<p><strong>\u00c0 La Perle de Domme, nous ne nous contentons pas de fournir un h\u00e9bergement ; nous encourageons un mode de vie durable et \u00e9thique, qui respecte \u00e0 la fois l&rsquo;environnement et la communaut\u00e9.<\/strong><\/p>\n\t\t<\/div>\n\t\t\t\t\n<style>\n#col-1206668634 > .col-inner {\n  padding: 50px 50px 50px 50px;\n}\n<\/style>\n\t<\/div>\n\n\t\n\n\t<div id=\"col-1393017213\" class=\"col medium-12 small-12 large-6 small-col-first\"  >\n\t\t\t\t<div class=\"col-inner\"  >\n\t\t\t\n\t\t\t\n\t<div class=\"img has-hover x md-x lg-x y md-y lg-y\" id=\"image_2070465875\">\n\t\t\t\t\t\t\t\t<div class=\"img-inner image-cover dark\" style=\"padding-top:80%;\">\n\t\t\t<img decoding=\"async\" width=\"1500\" height=\"1000\" src=\"https:\/\/laperlededomme.com\/wp-content\/uploads\/2023\/05\/wine-at-terrace-La-Perle-de-Domme-Aparthotel-Dordogne.webp\" class=\"attachment-original size-original\" alt=\"\" srcset=\"https:\/\/laperlededomme.com\/wp-content\/uploads\/2023\/05\/wine-at-terrace-La-Perle-de-Domme-Aparthotel-Dordogne.webp 1500w, https:\/\/laperlededomme.com\/wp-content\/uploads\/2023\/05\/wine-at-terrace-La-Perle-de-Domme-Aparthotel-Dordogne-300x200.webp 300w, https:\/\/laperlededomme.com\/wp-content\/uploads\/2023\/05\/wine-at-terrace-La-Perle-de-Domme-Aparthotel-Dordogne-768x512.webp 768w, https:\/\/laperlededomme.com\/wp-content\/uploads\/2023\/05\/wine-at-terrace-La-Perle-de-Domme-Aparthotel-Dordogne-1024x683.webp 1024w\" sizes=\"(max-width: 1500px) 100vw, 1500px\" \/>\t\t\t\t\t\t\n\t\t\t\t\t<\/div>\n\t\t\t\t\t\t\t\t\n<style>\n#image_2070465875 {\n  width: 100%;\n}\n<\/style>\n\t<\/div>\n\t\n\t\t<\/div>\n\t\t\t\t\t<\/div>\n\n\t\n<\/div>\n\t\t<\/div>\n\n\t\t\n<style>\n#section_252025445 {\n  padding-top: 30px;\n  padding-bottom: 30px;\n}\n<\/style>\n\t<\/section>\n\t\n\n\t<section class=\"section\" id=\"section_1857744498\">\n\t\t<div class=\"section-bg fill\" >\n\t\t\t<img decoding=\"async\" width=\"1500\" height=\"1000\" src=\"https:\/\/laperlededomme.com\/wp-content\/uploads\/2023\/08\/exterior-La-Perle-de-Domme-Aparthotel-Dordogne.webp\" class=\"bg attachment-original size-original\" alt=\"\" \/>\t\t\t\t\t\t<div class=\"section-bg-overlay absolute fill\"><\/div>\n\t\t\t\n\n\t\t<\/div>\n\n\t\t\t<div class=\"ux-shape-divider ux-shape-divider--top ux-shape-divider--style-arrow\">\n\t\t<svg viewBox=\"0 0 1000 100\" xmlns=\"http:\/\/www.w3.org\/2000\/svg\" preserveAspectRatio=\"none\">\n\t<path class=\"ux-shape-fill\" d=\"M1000 100H0L0 96H483L500 79L517 96H1000V100Z\"\/>\n<\/svg>\n\t<\/div>\n\n\n\t\t<div class=\"section-content relative\">\n\t\t\t\n\n<div class=\"row align-middle align-center\"  id=\"row-473897275\">\n\n\n\t<div id=\"col-1177198429\" class=\"col medium-5 small-12 large-5\"  >\n\t\t\t\t<div class=\"col-inner\"  >\n\t\t\t\n\t\t\t\n\n\t<div id=\"text-4156877205\" class=\"text\">\n\t\t\n\n<h4><strong>AVANTAGES DE LA R\u00c9SERVATION EN DIRECT<\/strong><\/h4>\n\t\t\n<style>\n#text-4156877205 {\n  color: rgb(0,0,0);\n}\n#text-4156877205 > * {\n  color: rgb(0,0,0);\n}\n<\/style>\n\t<\/div>\n\t\n\t<div id=\"text-4082829775\" class=\"text\">\n\t\t\n\n<p><i class=\"fa-regular fa-certificate\"><\/i> <strong>\u00b7 Meilleurs prix garantis<\/strong><\/p>\n<p><strong><i class=\"fa-regular fa-shuffle\"><\/i> \u00b7 Tarifs flexibles<\/strong><\/p>\n<p><strong><i class=\"fa-regular fa-check\"><\/i> \u00b7 Confirmation de r\u00e9servation imm\u00e9diate<\/strong><\/p>\n<p><strong><i class=\"fa-regular fa-lock\"><\/i> \u00b7 Paiement s\u00e9curis\u00e9<\/strong><\/p>\n\t\t\n<style>\n#text-4082829775 {\n  line-height: 0.85;\n  color: rgb(0, 0, 0);\n}\n#text-4082829775 > * {\n  color: rgb(0, 0, 0);\n}\n<\/style>\n\t<\/div>\n\t\n\n\t\t<\/div>\n\t\t\t\t\n<style>\n#col-1177198429 > .col-inner {\n  padding: 0px 0px 0px 10px;\n  margin: 30px 0px 0px 0px;\n}\n@media (min-width:550px) {\n  #col-1177198429 > .col-inner {\n    padding: 0px 0px 0px 0px;\n    margin: 80px 0px 0px 0px;\n  }\n}\n<\/style>\n\t<\/div>\n\n\t\n\n\t<div id=\"col-25209991\" class=\"col medium-4 small-12 large-4\"  >\n\t\t\t\t<div class=\"col-inner text-center\"  >\n\t\t\t\n\t\t\t\n\n<a href=\"https:\/\/app.mews.com\/distributor\/bcd21b67-fda6-4db9-a199-b27c00f15ea6?language=fr-FR\" target=\"_blank\" class=\"button primary box-shadow-2\" rel=\"nofollow noopener\">\n\t\t<span>Reserver maintenant<\/span>\n\t<\/a>\n\n\n\n\t\t<\/div>\n\t\t\t\t\n<style>\n#col-25209991 > .col-inner {\n  padding: 50px 0px 0px 0px;\n}\n<\/style>\n\t<\/div>\n\n\t\n\n<\/div>\n\n\t\t<\/div>\n\n\t\t\n<style>\n#section_1857744498 {\n  padding-top: 0px;\n  padding-bottom: 0px;\n}\n#section_1857744498 .section-bg-overlay {\n  background-color: rgba(255, 255, 255, 0.64);\n}\n#section_1857744498 .section-bg img {\n  object-position: 52% 63%;\n}\n#section_1857744498 .ux-shape-divider--top svg {\n  height: 50px;\n  --divider-top-width: 100%;\n}\n@media (min-width:550px) {\n  #section_1857744498 .ux-shape-divider--top svg {\n    height: 150px;\n  }\n}\n<\/style>\n\t<\/section>\n\t\n","protected":false},"excerpt":{"rendered":"","protected":false},"author":9,"featured_media":0,"parent":0,"menu_order":0,"comment_status":"closed","ping_status":"closed","template":"page-blank.php","meta":{"footnotes":""},"class_list":["post-1270","page","type-page","status-publish","hentry"],"_links":{"self":[{"href":"https:\/\/laperlededomme.com\/fr\/wp-json\/wp\/v2\/pages\/1270","targetHints":{"allow":["GET"]}}],"collection":[{"href":"https:\/\/laperlededomme.com\/fr\/wp-json\/wp\/v2\/pages"}],"about":[{"href":"https:\/\/laperlededomme.com\/fr\/wp-json\/wp\/v2\/types\/page"}],"author":[{"embeddable":true,"href":"https:\/\/laperlededomme.com\/fr\/wp-json\/wp\/v2\/users\/9"}],"replies":[{"embeddable":true,"href":"https:\/\/laperlededomme.com\/fr\/wp-json\/wp\/v2\/comments?post=1270"}],"version-history":[{"count":0,"href":"https:\/\/laperlededomme.com\/fr\/wp-json\/wp\/v2\/pages\/1270\/revisions"}],"wp:attachment":[{"href":"https:\/\/laperlededomme.com\/fr\/wp-json\/wp\/v2\/media?parent=1270"}],"curies":[{"name":"wp","href":"https:\/\/api.w.org\/{rel}","templated":true}]}}