{"id":1269,"date":"2024-03-14T09:53:37","date_gmt":"2024-03-14T09:53:37","guid":{"rendered":"https:\/\/laperlededomme.com\/?page_id=1269"},"modified":"2024-05-16T09:53:59","modified_gmt":"2024-05-16T09:53:59","slug":"okologische-nachhaltigkeit","status":"publish","type":"page","link":"https:\/\/laperlededomme.com\/de\/okologische-nachhaltigkeit\/","title":{"rendered":"\u00d6kologische Nachhaltigkeit"},"content":{"rendered":"\n\t<section class=\"section\" id=\"section_568622765\">\n\t\t<div class=\"section-bg fill\" >\n\t\t\t<img decoding=\"async\" width=\"1000\" height=\"666\" src=\"https:\/\/laperlededomme.com\/wp-content\/uploads\/2023\/08\/exterior-La-Perle-de-Domme-Aparthotel.webp\" class=\"bg attachment-original size-original\" alt=\"\" \/>\t\t\t\t\t\t<div class=\"section-bg-overlay absolute fill\"><\/div>\n\t\t\t\n\n\t\t<\/div>\n\n\t\t\n\n\t\t<div class=\"section-content relative\">\n\t\t\t\n<div class=\"row align-middle align-center\"  id=\"row-443266541\">\n\n\t<div id=\"col-1127160103\" class=\"col medium-11 small-12 large-11\"  >\n\t\t\t\t<div class=\"col-inner text-shadow-1\"  >\n\t\t\t\n\t\t\t\n\t<div id=\"text-3010847292\" class=\"text\">\n\t\t\n<h1>\u00d6kologische Nachhaltigkeit und soziale Gerechtigkeit<\/h1>\n\t\t\n<style>\n#text-3010847292 {\n  text-align: center;\n  color: rgb(255,255,255);\n}\n#text-3010847292 > * {\n  color: rgb(255,255,255);\n}\n<\/style>\n\t<\/div>\n\t\n\t<div id=\"text-2296905653\" class=\"text\">\n\t\t\n<p>In einer Zeit des \u00dcberkonsums und der Verschwendung hat sich <strong>La Perle de Domme<\/strong> f\u00fcr einen anderen Ansatz entschieden, der auf <strong>\u00f6kologisch nachhaltigen <\/strong> und <strong>sozial gerechten Praktiken basiert.<\/strong> Da wir uns in <strong> einem Naturschutzgebiet befinden<\/strong> m\u00fcssen wir die Natur und die Sch\u00f6nheit, die sie uns bietet, <strong>respektieren<\/strong>, und das tun wir gerne.<br \/>\n\t\t\n<style>\n#text-2296905653 {\n  font-size: 1.5rem;\n  text-align: center;\n  color: rgb(255,255,255);\n}\n#text-2296905653 > * {\n  color: rgb(255,255,255);\n}\n<\/style>\n\t<\/div>\n\t\n\t\t<\/div>\n\t\t\t\t\t<\/div>\n\n\t\n<\/div>\n\t\t<\/div>\n\n\t\t\n<style>\n#section_568622765 {\n  padding-top: 0px;\n  padding-bottom: 0px;\n  min-height: 400px;\n}\n#section_568622765 .section-bg-overlay {\n  background-color: rgba(0, 0, 0, 0.3);\n}\n#section_568622765 .section-bg img {\n  object-position: 74% 0%;\n}\n<\/style>\n\t<\/section>\n\t\n\t<div id=\"gap-1053180898\" class=\"gap-element clearfix\" style=\"display:block; height:auto;\">\n\t\t\n<style>\n#gap-1053180898 {\n  padding-top: 30px;\n}\n<\/style>\n\t<\/div>\n\t\n\n\t<section class=\"section\" id=\"section_2085596294\">\n\t\t<div class=\"section-bg fill\" >\n\t\t\t\t\t\t\t\t\t\n\t\t\t\n\n\t\t<\/div>\n\n\t\t\n\n\t\t<div class=\"section-content relative\">\n\t\t\t\n<div class=\"row row-collapse align-middle align-center row-box-shadow-2\"  id=\"row-1648146874\">\n\n\t<div id=\"col-788104463\" class=\"col medium-11 small-12 large-6\"  >\n\t\t\t\t<div class=\"col-inner\"  >\n\t\t\t\n\t\t\t\n<h2>Energie-Effizienz<\/h2>\n<div class=\"is-divider divider clearfix\" style=\"background-color:rgb(89, 18, 2);\"><\/div>\n<p>Wir verwenden vor Ort <strong>kein \u00d6l oder Gas<\/strong>, weder zum Heizen noch f\u00fcr andere Zwecke. Die gesamte Heizung, K\u00fchlung und Bel\u00fcftung der Wohnungen erfolgt \u00fcber <strong>elektrisch effiziente W\u00e4rmepumpen <\/strong> und W\u00e4rmetauscher, w\u00e4hrend wir zus\u00e4tzlich <strong>Wassertanks <\/strong> mit digitaler Programmierung verwenden, um die Produktion und den Durchfluss von Warmwasser zu steuern. Alle Funktionen f\u00fcr Heizung, K\u00fchlung, L\u00fcftung und Warmwassererzeugung sind digital in ein <strong>intelligentes zentrales Steuermodul <\/strong>integriert, so dass <strong>kein einziges Watt Strom verschwendet wird<\/strong>.<\/p>\n\t\t<\/div>\n\t\t\t\t\n<style>\n#col-788104463 > .col-inner {\n  padding: 50px 50px 50px 50px;\n}\n<\/style>\n\t<\/div>\n\n\t\n\n\t<div id=\"col-2139104828\" class=\"col medium-12 small-12 large-6 small-col-first\"  >\n\t\t\t\t<div class=\"col-inner\"  >\n\t\t\t\n\t\t\t\n\t<div class=\"img has-hover x md-x lg-x y md-y lg-y\" id=\"image_286480403\">\n\t\t\t\t\t\t\t\t<div class=\"img-inner dark\" >\n\t\t\t<img decoding=\"async\" width=\"1500\" height=\"1000\" src=\"https:\/\/laperlededomme.com\/wp-content\/uploads\/2024\/01\/LaPerleDomme-studio5.webp\" class=\"attachment-original size-original\" alt=\"\" srcset=\"https:\/\/laperlededomme.com\/wp-content\/uploads\/2024\/01\/LaPerleDomme-studio5.webp 1500w, https:\/\/laperlededomme.com\/wp-content\/uploads\/2024\/01\/LaPerleDomme-studio5-300x200.webp 300w, https:\/\/laperlededomme.com\/wp-content\/uploads\/2024\/01\/LaPerleDomme-studio5-768x512.webp 768w, https:\/\/laperlededomme.com\/wp-content\/uploads\/2024\/01\/LaPerleDomme-studio5-1024x683.webp 1024w\" sizes=\"(max-width: 1500px) 100vw, 1500px\" \/>\t\t\t\t\t\t\n\t\t\t\t\t<\/div>\n\t\t\t\t\t\t\t\t\n<style>\n#image_286480403 {\n  width: 100%;\n}\n<\/style>\n\t<\/div>\n\t\n\t\t<\/div>\n\t\t\t\t\t<\/div>\n\n\t\n<\/div>\n\t\t<\/div>\n\n\t\t\n<style>\n#section_2085596294 {\n  padding-top: 30px;\n  padding-bottom: 30px;\n}\n<\/style>\n\t<\/section>\n\t\n\n\t<section class=\"section\" id=\"section_1504326151\">\n\t\t<div class=\"section-bg fill\" >\n\t\t\t\t\t\t\t\t\t\n\t\t\t\n\n\t\t<\/div>\n\n\t\t\n\n\t\t<div class=\"section-content relative\">\n\t\t\t\n<span class=\"scroll-to\" data-label=\"Scroll to: #electric-scooters\" data-bullet=\"false\" data-link=\"#electric-scooters\" data-title=\"Electric Scooters\" ><a name=\"electric-scooters\"><\/a><\/span>\n<div class=\"row row-collapse align-middle align-center row-box-shadow-2\"  id=\"row-862281118\">\n\n\t<div id=\"col-61552124\" class=\"col medium-12 small-12 large-6 small-col-first\"  >\n\t\t\t\t<div class=\"col-inner\"  >\n\t\t\t\n\t\t\t\n\t<div class=\"img has-hover x md-x lg-x y md-y lg-y\" id=\"image_1094604496\">\n\t\t\t\t\t\t\t\t<div class=\"img-inner image-cover dark\" style=\"padding-top:80%;\">\n\t\t\t<img decoding=\"async\" width=\"1500\" height=\"1000\" src=\"https:\/\/laperlededomme.com\/wp-content\/uploads\/2023\/05\/black-scooter-La-Perle-de-Domme-Aparthotel-Dordogne.webp\" class=\"attachment-original size-original\" alt=\"\" srcset=\"https:\/\/laperlededomme.com\/wp-content\/uploads\/2023\/05\/black-scooter-La-Perle-de-Domme-Aparthotel-Dordogne.webp 1500w, https:\/\/laperlededomme.com\/wp-content\/uploads\/2023\/05\/black-scooter-La-Perle-de-Domme-Aparthotel-Dordogne-300x200.webp 300w, https:\/\/laperlededomme.com\/wp-content\/uploads\/2023\/05\/black-scooter-La-Perle-de-Domme-Aparthotel-Dordogne-768x512.webp 768w, https:\/\/laperlededomme.com\/wp-content\/uploads\/2023\/05\/black-scooter-La-Perle-de-Domme-Aparthotel-Dordogne-1024x683.webp 1024w\" sizes=\"(max-width: 1500px) 100vw, 1500px\" \/>\t\t\t\t\t\t\n\t\t\t\t\t<\/div>\n\t\t\t\t\t\t\t\t\n<style>\n#image_1094604496 {\n  width: 100%;\n}\n<\/style>\n\t<\/div>\n\t\n\t\t<\/div>\n\t\t\t\t\t<\/div>\n\n\t\n\n\t<div id=\"col-1172637256\" class=\"col medium-11 small-12 large-6 medium-col-first\"  >\n\t\t\t\t<div class=\"col-inner\"  >\n\t\t\t\n\t\t\t\n<h2>Umstellung auf elektrischen Transport<\/h2>\n<div class=\"is-divider divider clearfix\" style=\"background-color:rgb(89, 18, 2);\"><\/div>\n<p>Wir suchen st\u00e4ndig nach Alternativen zur Nutzung fossiler Brennstoffe und sind stolz auf die Einf\u00fchrung von 10 Scootern im Retro-Stil, die <strong>vollst\u00e4ndig elektrisch betrieben werden<\/strong>. Wir bieten auch <strong>Ladestationen f\u00fcr Elektrofahrzeuge<\/strong> in La Perle an, also erkundige dich bitte bei deiner Reservierung. Da <strong>Electricite d&#8217;France in der Lage ist, uns mit gr\u00fcner Energie aus Solar-, Wind- und Wasserkraftanlagen zu versorgen<\/strong>, glauben wir fest daran, dass wir <strong>unser Versprechen gegen\u00fcber Mutter Natur einhalten<\/strong>.<\/p>\n\t\t<\/div>\n\t\t\t\t\n<style>\n#col-1172637256 > .col-inner {\n  padding: 50px 50px 50px 50px;\n}\n<\/style>\n\t<\/div>\n\n\t\n<\/div>\n\t\t<\/div>\n\n\t\t\n<style>\n#section_1504326151 {\n  padding-top: 30px;\n  padding-bottom: 30px;\n}\n<\/style>\n\t<\/section>\n\t\n\n\t<section class=\"section\" id=\"section_817989459\">\n\t\t<div class=\"section-bg fill\" >\n\t\t\t\t\t\t\t\t\t\n\t\t\t\n\n\t\t<\/div>\n\n\t\t\n\n\t\t<div class=\"section-content relative\">\n\t\t\t\n<span class=\"scroll-to\" data-label=\"Scroll to: #wine-bar-terrace\" data-bullet=\"false\" data-link=\"#wine-bar-terrace\" data-title=\"Wine Bar Terrace\" ><a name=\"wine-bar-terrace\"><\/a><\/span>\n<div class=\"row row-collapse align-middle align-center row-box-shadow-2\"  id=\"row-513122029\">\n\n\t<div id=\"col-1059583146\" class=\"col medium-11 small-12 large-6\"  >\n\t\t\t\t<div class=\"col-inner\"  >\n\t\t\t\n\t\t\t\n<h2>Partnerschaft mit Kalani: Ein Bekenntnis zur Nachhaltigkeit<\/h2>\n<div class=\"is-divider divider clearfix\" style=\"background-color:rgb(89, 18, 2);\"><\/div>\n<p>Unser Engagement f\u00fcr die Umwelt und soziale Gerechtigkeit wird wahrscheinlich am besten durch unsere Partnerschaft mit <strong>Kalani<\/strong>, veranschaulicht, die uns sowohl mit unserer Bettw\u00e4sche als auch mit unserer Badw\u00e4sche beliefert. Dieses wunderbare belgische Unternehmen stellt nicht nur Produkte aus <strong>100 % Bio-Baumwolle<\/strong> von tadelloser Qualit\u00e4t her, sondern tut dies auch auf<strong>nachhaltige<\/strong> und <strong>ethische Weise<\/strong>.<\/p>\n<p>Sie achten nicht nur darauf, ihren <strong> \u00f6kologischen Fu\u00dfabdruck <\/strong> bei der Lieferung ihrer Produkte zu reduzieren, sondern wissen auch genau, wo und von wem ihre Baumwolle angebaut wird. Indem sie <strong>soziale Kriterien<\/strong> in ihre Produkte, Entscheidungen und Handlungen einbeziehen, haben sie ihre Produktionsst\u00e4tten sorgf\u00e4ltig ausgew\u00e4hlt, indem sie sie vor Ort besuchen. Alle diese Fabriken sind <strong> Fairtrade-zertifiziert <\/strong> und werden mit Respekt und Ethik gef\u00fchrt.<\/p>\n\t\t<\/div>\n\t\t\t\t\n<style>\n#col-1059583146 > .col-inner {\n  padding: 50px 50px 50px 50px;\n}\n<\/style>\n\t<\/div>\n\n\t\n\n\t<div id=\"col-1781647087\" class=\"col medium-12 small-12 large-6 small-col-first\"  >\n\t\t\t\t<div class=\"col-inner\"  >\n\t\t\t\n\t\t\t\n\t<div class=\"img has-hover x md-x lg-x y md-y lg-y\" id=\"image_1643253881\">\n\t\t\t\t\t\t\t\t<div class=\"img-inner image-cover dark\" style=\"padding-top:80%;\">\n\t\t\t<img decoding=\"async\" width=\"1500\" height=\"1000\" src=\"https:\/\/laperlededomme.com\/wp-content\/uploads\/2024\/01\/Laperledomme-new-room-7.webp\" class=\"attachment-original size-original\" alt=\"\" srcset=\"https:\/\/laperlededomme.com\/wp-content\/uploads\/2024\/01\/Laperledomme-new-room-7.webp 1500w, https:\/\/laperlededomme.com\/wp-content\/uploads\/2024\/01\/Laperledomme-new-room-7-300x200.webp 300w, https:\/\/laperlededomme.com\/wp-content\/uploads\/2024\/01\/Laperledomme-new-room-7-768x512.webp 768w, https:\/\/laperlededomme.com\/wp-content\/uploads\/2024\/01\/Laperledomme-new-room-7-1024x683.webp 1024w\" sizes=\"(max-width: 1500px) 100vw, 1500px\" \/>\t\t\t\t\t\t\n\t\t\t\t\t<\/div>\n\t\t\t\t\t\t\t\t\n<style>\n#image_1643253881 {\n  width: 100%;\n}\n<\/style>\n\t<\/div>\n\t\n\t\t<\/div>\n\t\t\t\t\t<\/div>\n\n\t\n<\/div>\n\t\t<\/div>\n\n\t\t\n<style>\n#section_817989459 {\n  padding-top: 30px;\n  padding-bottom: 30px;\n}\n<\/style>\n\t<\/section>\n\t\n\n\t<section class=\"section\" id=\"section_795528836\">\n\t\t<div class=\"section-bg fill\" >\n\t\t\t\t\t\t\t\t\t\n\t\t\t\n\n\t\t<\/div>\n\n\t\t\n\n\t\t<div class=\"section-content relative\">\n\t\t\t\n<div class=\"row row-collapse align-middle align-center row-box-shadow-2\"  id=\"row-1686971129\">\n\n\t<div id=\"col-473991640\" class=\"col medium-12 small-12 large-6 small-col-first\"  >\n\t\t\t\t<div class=\"col-inner\"  >\n\t\t\t\n\t\t\t\n\t<div class=\"img has-hover x md-x lg-x y md-y lg-y\" id=\"image_2134509774\">\n\t\t\t\t\t\t\t\t<div class=\"img-inner image-cover dark\" style=\"padding-top:80%;\">\n\t\t\t<img decoding=\"async\" width=\"800\" height=\"800\" src=\"https:\/\/laperlededomme.com\/wp-content\/uploads\/2024\/03\/commitments-respect-of-the-social-standard-la-perle-domme.webp\" class=\"attachment-original size-original\" alt=\"\" srcset=\"https:\/\/laperlededomme.com\/wp-content\/uploads\/2024\/03\/commitments-respect-of-the-social-standard-la-perle-domme.webp 800w, https:\/\/laperlededomme.com\/wp-content\/uploads\/2024\/03\/commitments-respect-of-the-social-standard-la-perle-domme-300x300.webp 300w, https:\/\/laperlededomme.com\/wp-content\/uploads\/2024\/03\/commitments-respect-of-the-social-standard-la-perle-domme-768x768.webp 768w, https:\/\/laperlededomme.com\/wp-content\/uploads\/2024\/03\/commitments-respect-of-the-social-standard-la-perle-domme-150x150.webp 150w\" sizes=\"(max-width: 800px) 100vw, 800px\" \/>\t\t\t\t\t\t\n\t\t\t\t\t<\/div>\n\t\t\t\t\t\t\t\t\n<style>\n#image_2134509774 {\n  width: 100%;\n}\n<\/style>\n\t<\/div>\n\t\n\t\t<\/div>\n\t\t\t\t\t<\/div>\n\n\t\n\n\t<div id=\"col-226854184\" class=\"col medium-11 small-12 large-6 medium-col-first\"  >\n\t\t\t\t<div class=\"col-inner\"  >\n\t\t\t\n\t\t\t\n<h2>Nachhaltige Praktiken in der Produktion<\/h2>\n<div class=\"is-divider divider clearfix\" style=\"background-color:rgb(89, 18, 2);\"><\/div>\n<p>Kalani hat sich international verpflichtet, einen h\u00f6heren Preis f\u00fcr jedes Kilo Baumwolle zu zahlen, das sie von Bauern und B\u00e4uerinnen in <strong>\u201eBest Practice\u201c-Bio-Baumwollgenossenschaften<\/strong> in den Provinzen Odisha, Telangana und Maharashtra in Zentralindien kaufen. Sie fahren regelm\u00e4\u00dfig dorthin und kennen die D\u00f6rfer genau, aus denen ihre<strong>Bio-\/Fairtrade-Baumwolle<\/strong> stammt. Ihre Bio-Baumwolle wird ohne Chemikalien (Pestizide, Insektizide oder D\u00fcngemittel) angebaut und tr\u00e4gt zum Wohlergehen der Menschen, die sie anbauen, und ihrer Gemeinden bei.<\/p>\n<p>Die nachhaltigen Produktionsmethoden belasten weder Wasser, Boden noch Luft, vermeiden einen \u00fcberm\u00e4\u00dfigen Verbrauch von Bew\u00e4sserungswasser und sch\u00fctzen so die Umwelt und die Artenvielfalt. Die gesamte Lieferkette von Kalani ist <strong>GOTS-zertifiziert (Global Organic Textile Standard)<\/strong>, die strengste Bio-Baumwollzertifizierung der Welt, die nicht nur den \u00f6kologischen Anbau und die R\u00fcckverfolgbarkeit garantiert, sondern auch die Verwendung von Transformationsprodukten (Waschen, F\u00e4rben, Bedrucken usw.) in allen Produktions- und Herstellungsprozessen f\u00fcr Textilprodukte einschr\u00e4nkt. Solltest du Bettw\u00e4sche oder Handt\u00fccher ben\u00f6tigen, kannst du sie unter <a href=\"http:\/\/www.kalani-home.com\/\" target=\"_new\" rel=\"noopener nofollow\">www.kalani-home.com<\/a> finden.<\/p>\n\t\t<\/div>\n\t\t\t\t\n<style>\n#col-226854184 > .col-inner {\n  padding: 50px 50px 50px 50px;\n}\n<\/style>\n\t<\/div>\n\n\t\n<\/div>\n\t\t<\/div>\n\n\t\t\n<style>\n#section_795528836 {\n  padding-top: 30px;\n  padding-bottom: 30px;\n}\n<\/style>\n\t<\/section>\n\t\n\n\t<section class=\"section\" id=\"section_424123979\">\n\t\t<div class=\"section-bg fill\" >\n\t\t\t\t\t\t\t\t\t\n\t\t\t\n\n\t\t<\/div>\n\n\t\t\n\n\t\t<div class=\"section-content relative\">\n\t\t\t\n<span class=\"scroll-to\" data-label=\"Scroll to: #pool\" data-bullet=\"false\" data-link=\"#pool\" data-title=\"Exterior Pool\" ><a name=\"pool\"><\/a><\/span>\n<div class=\"row row-collapse align-middle align-center row-box-shadow-2\"  id=\"row-465755984\">\n\n\t<div id=\"col-441681908\" class=\"col medium-11 small-12 large-6\"  >\n\t\t\t\t<div class=\"col-inner\"  >\n\t\t\t\n\t\t\t\n<h2>Unterst\u00fctzung der Gemeinschaft und lokale Beschaffung<\/h2>\n<div class=\"is-divider divider clearfix\" style=\"background-color:rgb(89, 18, 2);\"><\/div>\n<p>Alle unsere Lieferanten kommen aus der <strong>Region<\/strong> und wo immer m\u00f6glich, unterst\u00fctzen wir <strong>kleine Unternehmen <\/strong>in unserer Gemeinde, um uns mit geeigneten Qualit\u00e4tsprodukten zu versorgen. <strong>La Perle de Domme ist ein Schaufenster f\u00fcr das Beste<\/strong>, was die Dordogne zu bieten hat, und das k\u00f6nnen alle stolz sehen.<\/p>\n<p><strong>In La Perle de Domme bieten wir nicht nur eine Unterkunft, sondern f\u00f6rdern einen nachhaltigen und ethischen Lebensstil, der sowohl die Umwelt als auch die Gemeinschaft respektiert.<\/strong><\/p>\n\t\t<\/div>\n\t\t\t\t\n<style>\n#col-441681908 > .col-inner {\n  padding: 50px 50px 50px 50px;\n}\n<\/style>\n\t<\/div>\n\n\t\n\n\t<div id=\"col-1102526951\" class=\"col medium-12 small-12 large-6 small-col-first\"  >\n\t\t\t\t<div class=\"col-inner\"  >\n\t\t\t\n\t\t\t\n\t<div class=\"img has-hover x md-x lg-x y md-y lg-y\" id=\"image_1558636793\">\n\t\t\t\t\t\t\t\t<div class=\"img-inner image-cover dark\" style=\"padding-top:80%;\">\n\t\t\t<img decoding=\"async\" width=\"1500\" height=\"1000\" src=\"https:\/\/laperlededomme.com\/wp-content\/uploads\/2023\/05\/wine-at-terrace-La-Perle-de-Domme-Aparthotel-Dordogne.webp\" class=\"attachment-original size-original\" alt=\"\" srcset=\"https:\/\/laperlededomme.com\/wp-content\/uploads\/2023\/05\/wine-at-terrace-La-Perle-de-Domme-Aparthotel-Dordogne.webp 1500w, https:\/\/laperlededomme.com\/wp-content\/uploads\/2023\/05\/wine-at-terrace-La-Perle-de-Domme-Aparthotel-Dordogne-300x200.webp 300w, https:\/\/laperlededomme.com\/wp-content\/uploads\/2023\/05\/wine-at-terrace-La-Perle-de-Domme-Aparthotel-Dordogne-768x512.webp 768w, https:\/\/laperlededomme.com\/wp-content\/uploads\/2023\/05\/wine-at-terrace-La-Perle-de-Domme-Aparthotel-Dordogne-1024x683.webp 1024w\" sizes=\"(max-width: 1500px) 100vw, 1500px\" \/>\t\t\t\t\t\t\n\t\t\t\t\t<\/div>\n\t\t\t\t\t\t\t\t\n<style>\n#image_1558636793 {\n  width: 100%;\n}\n<\/style>\n\t<\/div>\n\t\n\t\t<\/div>\n\t\t\t\t\t<\/div>\n\n\t\n<\/div>\n\t\t<\/div>\n\n\t\t\n<style>\n#section_424123979 {\n  padding-top: 30px;\n  padding-bottom: 30px;\n}\n<\/style>\n\t<\/section>\n\t\n\n\t<section class=\"section\" id=\"section_1158618672\">\n\t\t<div class=\"section-bg fill\" >\n\t\t\t<img decoding=\"async\" width=\"1500\" height=\"1000\" src=\"https:\/\/laperlededomme.com\/wp-content\/uploads\/2023\/08\/exterior-La-Perle-de-Domme-Aparthotel-Dordogne.webp\" class=\"bg attachment-original size-original\" alt=\"\" \/>\t\t\t\t\t\t<div class=\"section-bg-overlay absolute fill\"><\/div>\n\t\t\t\n\n\t\t<\/div>\n\n\t\t\t<div class=\"ux-shape-divider ux-shape-divider--top ux-shape-divider--style-arrow\">\n\t\t<svg viewBox=\"0 0 1000 100\" xmlns=\"http:\/\/www.w3.org\/2000\/svg\" preserveAspectRatio=\"none\">\n\t<path class=\"ux-shape-fill\" d=\"M1000 100H0L0 96H483L500 79L517 96H1000V100Z\"\/>\n<\/svg>\n\t<\/div>\n\n\n\t\t<div class=\"section-content relative\">\n\t\t\t\n\n<div class=\"row align-middle align-center\"  id=\"row-1439946034\">\n\n\n\t<div id=\"col-284053359\" class=\"col medium-5 small-12 large-5\"  >\n\t\t\t\t<div class=\"col-inner\"  >\n\t\t\t\n\t\t\t\n\n\t<div id=\"text-1264482841\" class=\"text\">\n\t\t\n\n<h4><strong>DIREKTBUCHUNG VORTEILE<\/strong><\/h4>\n\t\t\n<style>\n#text-1264482841 {\n  color: rgb(0,0,0);\n}\n#text-1264482841 > * {\n  color: rgb(0,0,0);\n}\n<\/style>\n\t<\/div>\n\t\n\t<div id=\"text-2150401180\" class=\"text\">\n\t\t\n\n<p><i class=\"fa-regular fa-certificate\"><\/i> <strong>\u00b7 Beste Preise direkt<\/strong><\/p>\n<p><strong><i class=\"fa-regular fa-shuffle\"><\/i> \u00b7 Flexible Tarife<\/strong><\/p>\n<p><strong><i class=\"fa-regular fa-check\"><\/i> \u00b7 Sofortige Buchungsbest\u00e4tigung<\/strong><\/p>\n<p><strong><i class=\"fa-regular fa-lock\"><\/i> \u00b7 Sichere Bezahlung<\/strong><\/p>\n\t\t\n<style>\n#text-2150401180 {\n  line-height: 0.85;\n  color: rgb(0, 0, 0);\n}\n#text-2150401180 > * {\n  color: rgb(0, 0, 0);\n}\n<\/style>\n\t<\/div>\n\t\n\n\t\t<\/div>\n\t\t\t\t\n<style>\n#col-284053359 > .col-inner {\n  padding: 0px 0px 0px 10px;\n  margin: 30px 0px 0px 0px;\n}\n@media (min-width:550px) {\n  #col-284053359 > .col-inner {\n    padding: 0px 0px 0px 0px;\n    margin: 80px 0px 0px 0px;\n  }\n}\n<\/style>\n\t<\/div>\n\n\t\n\n\t<div id=\"col-571902548\" class=\"col medium-4 small-12 large-4\"  >\n\t\t\t\t<div class=\"col-inner text-center\"  >\n\t\t\t\n\t\t\t\n\n<a href=\"https:\/\/app.mews.com\/distributor\/bcd21b67-fda6-4db9-a199-b27c00f15ea6?language=de-DE\" target=\"_blank\" class=\"button primary box-shadow-2\" rel=\"nofollow noopener\">\n\t\t<span>Jetzt Buchen<\/span>\n\t<\/a>\n\n\n\n\t\t<\/div>\n\t\t\t\t\n<style>\n#col-571902548 > .col-inner {\n  padding: 50px 0px 0px 0px;\n}\n<\/style>\n\t<\/div>\n\n\t\n\n<\/div>\n\n\t\t<\/div>\n\n\t\t\n<style>\n#section_1158618672 {\n  padding-top: 0px;\n  padding-bottom: 0px;\n}\n#section_1158618672 .section-bg-overlay {\n  background-color: rgba(255, 255, 255, 0.64);\n}\n#section_1158618672 .section-bg img {\n  object-position: 52% 63%;\n}\n#section_1158618672 .ux-shape-divider--top svg {\n  height: 50px;\n  --divider-top-width: 100%;\n}\n@media (min-width:550px) {\n  #section_1158618672 .ux-shape-divider--top svg {\n    height: 150px;\n  }\n}\n<\/style>\n\t<\/section>\n\t\n","protected":false},"excerpt":{"rendered":"","protected":false},"author":9,"featured_media":0,"parent":0,"menu_order":0,"comment_status":"closed","ping_status":"closed","template":"page-blank.php","meta":{"footnotes":""},"class_list":["post-1269","page","type-page","status-publish","hentry"],"_links":{"self":[{"href":"https:\/\/laperlededomme.com\/de\/wp-json\/wp\/v2\/pages\/1269","targetHints":{"allow":["GET"]}}],"collection":[{"href":"https:\/\/laperlededomme.com\/de\/wp-json\/wp\/v2\/pages"}],"about":[{"href":"https:\/\/laperlededomme.com\/de\/wp-json\/wp\/v2\/types\/page"}],"author":[{"embeddable":true,"href":"https:\/\/laperlededomme.com\/de\/wp-json\/wp\/v2\/users\/9"}],"replies":[{"embeddable":true,"href":"https:\/\/laperlededomme.com\/de\/wp-json\/wp\/v2\/comments?post=1269"}],"version-history":[{"count":0,"href":"https:\/\/laperlededomme.com\/de\/wp-json\/wp\/v2\/pages\/1269\/revisions"}],"wp:attachment":[{"href":"https:\/\/laperlededomme.com\/de\/wp-json\/wp\/v2\/media?parent=1269"}],"curies":[{"name":"wp","href":"https:\/\/api.w.org\/{rel}","templated":true}]}}